{"id":2970,"date":"2020-02-14T11:29:34","date_gmt":"2020-02-14T10:29:34","guid":{"rendered":"https:\/\/lafloracio.cat\/la-floracio\/"},"modified":"2026-02-23T16:26:58","modified_gmt":"2026-02-23T15:26:58","slug":"la-floracio","status":"publish","type":"page","link":"https:\/\/lafloracio.cat\/fr\/la-floracio\/","title":{"rendered":"La Floraison"},"content":{"rendered":"<section class=\"wpb-content-wrapper\"><p>[vc_row css_animation=\u00a0\u00bb\u00a0\u00bb row_type=\u00a0\u00bbrow\u00a0\u00bb use_row_as_full_screen_section=\u00a0\u00bbno\u00a0\u00bb type=\u00a0\u00bbfull_width\u00a0\u00bb angled_section=\u00a0\u00bbno\u00a0\u00bb text_align=\u00a0\u00bbcenter\u00a0\u00bb background_image_as_pattern=\u00a0\u00bbwithout_pattern\u00a0\u00bb z_index=\u00a0\u00bb\u00a0\u00bb][vc_column width=\u00a0\u00bb1\/4&Prime;][\/vc_column][vc_column width=\u00a0\u00bb1\/2&Prime;][vc_column_text]<\/p>\n<h2 style=\"text-align: center;\">Floraison et territoire<\/h2>\n<p>[\/vc_column_text][vc_empty_space height=\u00a0\u00bb46px\u00a0\u00bb][vc_column_text]<\/p>\n<p style=\"text-align: justify;\">Outre la beaut\u00e9 du moment, la floraison des arbres fruitiers est un \u00e9v\u00e9nement majeur pour notre r\u00e9gion en ce qu\u2019elle <strong>repr\u00e9sente la renaissance de la vie<\/strong> apr\u00e8s des mois d\u2019immobilit\u00e9, de froid et de s\u00e9cheresse.<\/p>\n<p>&nbsp;<\/p>\n<p style=\"text-align: justify;\">Depuis les temps anciens, les Grecs c\u00e9l\u00e9braient cette renaissance agraire et rurale lors des Thesmophories, festivit\u00e9s d\u00e9di\u00e9es \u00e0 la d\u00e9esse D\u00e9m\u00e9ter. Aujourd\u2019hui encore, la signification culturelle de la floraison perdure dans presque toutes les soci\u00e9t\u00e9s et civilisations \u00e0 travers le monde. Toutefois, rares sont celles qui peuvent profiter d\u2019un cadre aussi extraordinaire que le n\u00f4tre, car le <strong>spectacle qu\u2019offrent ces arbres fruitiers en fleurs, par son immensit\u00e9 et son chromatisme, est tout simplement incomparable.<\/strong><\/p>\n<p>&nbsp;<\/p>\n<p style=\"text-align: justify;\">Au-del\u00e0 de ce cadre culturel et paysager, la floraison est \u00e9galement un moment tr\u00e8s sp\u00e9cial pour l\u2019agriculture en ce qu\u2019elle constitue une r\u00e9compense \u00e0 l\u2019effort, \u00e0 l\u2019investissement et au soin des champs. Ce secteur est essentiel pour notre \u00e9conomie et notre soci\u00e9t\u00e9. C\u2019est pourquoi, tandis que nous nous \u00e9merveillons de ce miracle naturel, nous devons garder \u00e0 l\u2019esprit le d\u00e9vouement et le travail qui se cachent derri\u00e8re chacune de ces fleurs.<\/p>\n<p>&nbsp;<\/p>\n<p style=\"text-align: justify;\">Dans les Terres de Lleida, ce ph\u00e9nom\u00e8ne prend une dimension unique. La topographie diversifi\u00e9e et le climat m\u00e9diterran\u00e9en cr\u00e9ent un <strong>cadre exceptionnel pour la floraison, mettant en valeur la beaut\u00e9 singuli\u00e8re de nos paysages.<\/strong> De plus, la tradition agricole enracin\u00e9e dans notre r\u00e9gion s\u2019entrelace avec les nouvelles fa\u00e7ons de concevoir la durabilit\u00e9, faisant de la floraison un t\u00e9moignage vivant de l\u2019harmonie entre tradition et progr\u00e8s. Ainsi, chaque fleur qui \u00e9merge raconte une histoire d\u2019effort, d\u2019enracinement et d\u2019engagement envers notre environnement.<\/p>\n<p>[\/vc_column_text][vc_empty_space height=\u00a0\u00bb60px\u00a0\u00bb][\/vc_column][vc_column width=\u00a0\u00bb1\/4&Prime;][\/vc_column][\/vc_row][vc_row css_animation=\u00a0\u00bb\u00a0\u00bb row_type=\u00a0\u00bbrow\u00a0\u00bb use_row_as_full_screen_section=\u00a0\u00bbno\u00a0\u00bb type=\u00a0\u00bbfull_width\u00a0\u00bb angled_section=\u00a0\u00bbno\u00a0\u00bb text_align=\u00a0\u00bbleft\u00a0\u00bb background_image_as_pattern=\u00a0\u00bbwithout_pattern\u00a0\u00bb][vc_column][vc_gallery type=\u00a0\u00bbimage_grid\u00a0\u00bb images=\u00a0\u00bb3222,3116,3040,3035,3050,3166,3168,3167,3048,3162,3223,3025,3023,3105,2961,3056,3054,3177,3169,3042&Prime; img_size=\u00a0\u00bb200&#215;200&Prime; css_animation=\u00a0\u00bbfadeIn\u00a0\u00bb column_number=\u00a0\u00bb4&Prime; grayscale=\u00a0\u00bbno\u00a0\u00bb images_space=\u00a0\u00bbgallery_without_space\u00a0\u00bb][vc_empty_space height=\u00a0\u00bb60px\u00a0\u00bb][\/vc_column][\/vc_row]<\/p>\n<\/section>","protected":false},"excerpt":{"rendered":"<p>[vc_row css_animation=\u00a0\u00bb\u00a0\u00bb row_type=\u00a0\u00bbrow\u00a0\u00bb use_row_as_full_screen_section=\u00a0\u00bbno\u00a0\u00bb type=\u00a0\u00bbfull_width\u00a0\u00bb angled_section=\u00a0\u00bbno\u00a0\u00bb text_align=\u00a0\u00bbcenter\u00a0\u00bb background_image_as_pattern=\u00a0\u00bbwithout_pattern\u00a0\u00bb z_index=\u00a0\u00bb\u00a0\u00bb][vc_column width=\u00a0\u00bb1\/4&Prime;][\/vc_column][vc_column width=\u00a0\u00bb1\/2&Prime;][vc_column_text] Floraison et territoire [\/vc_column_text][vc_empty_space height=\u00a0\u00bb46px\u00a0\u00bb][vc_column_text] Outre la beaut\u00e9 du moment, la floraison des arbres fruitiers est un \u00e9v\u00e9nement majeur pour notre r\u00e9gion en ce qu\u2019elle repr\u00e9sente la renaissance de la vie apr\u00e8s des mois&#8230;<\/p>\n","protected":false},"author":1,"featured_media":0,"parent":0,"menu_order":0,"comment_status":"closed","ping_status":"closed","template":"","meta":{"_monsterinsights_skip_tracking":false,"_monsterinsights_sitenote_active":false,"_monsterinsights_sitenote_note":"","_monsterinsights_sitenote_category":0,"footnotes":""},"class_list":["post-2970","page","type-page","status-publish","hentry"],"_links":{"self":[{"href":"https:\/\/lafloracio.cat\/fr\/wp-json\/wp\/v2\/pages\/2970","targetHints":{"allow":["GET"]}}],"collection":[{"href":"https:\/\/lafloracio.cat\/fr\/wp-json\/wp\/v2\/pages"}],"about":[{"href":"https:\/\/lafloracio.cat\/fr\/wp-json\/wp\/v2\/types\/page"}],"author":[{"embeddable":true,"href":"https:\/\/lafloracio.cat\/fr\/wp-json\/wp\/v2\/users\/1"}],"replies":[{"embeddable":true,"href":"https:\/\/lafloracio.cat\/fr\/wp-json\/wp\/v2\/comments?post=2970"}],"version-history":[{"count":6,"href":"https:\/\/lafloracio.cat\/fr\/wp-json\/wp\/v2\/pages\/2970\/revisions"}],"predecessor-version":[{"id":3529,"href":"https:\/\/lafloracio.cat\/fr\/wp-json\/wp\/v2\/pages\/2970\/revisions\/3529"}],"wp:attachment":[{"href":"https:\/\/lafloracio.cat\/fr\/wp-json\/wp\/v2\/media?parent=2970"}],"curies":[{"name":"wp","href":"https:\/\/api.w.org\/{rel}","templated":true}]}}