{"id":2868,"date":"2020-02-25T19:32:03","date_gmt":"2020-02-25T17:32:03","guid":{"rendered":"https:\/\/lafloracio.cat\/avis-legal\/"},"modified":"2020-02-25T19:32:03","modified_gmt":"2020-02-25T17:32:03","slug":"avis-legal","status":"publish","type":"page","link":"https:\/\/lafloracio.cat\/fr\/avis-legal\/","title":{"rendered":"Avis legal"},"content":{"rendered":"<section class=\"wpb-content-wrapper\"><p>[vc_row css_animation=\u00a0\u00bb\u00a0\u00bb row_type=\u00a0\u00bbrow\u00a0\u00bb use_row_as_full_screen_section=\u00a0\u00bbno\u00a0\u00bb type=\u00a0\u00bbfull_width\u00a0\u00bb angled_section=\u00a0\u00bbno\u00a0\u00bb text_align=\u00a0\u00bbcenter\u00a0\u00bb background_image_as_pattern=\u00a0\u00bbwithout_pattern\u00a0\u00bb css=\u00a0\u00bb.vc_custom_1468932802545{padding-top: 108px !important;padding-bottom: 140px !important;}\u00a0\u00bb][vc_column width=\u00a0\u00bb1\/6&Prime; offset=\u00a0\u00bbvc_col-lg-offset-2 vc_col-lg-8 vc_col-md-offset-1 vc_col-md-10&Prime;][vc_empty_space height=\u00a0\u00bb120px\u00a0\u00bb][vc_column_text]<img loading=\"lazy\" decoding=\"async\" class=\"wp-image-450 alignright\" src=\"https:\/\/lafloracio.cat\/wp-content\/uploads\/2020\/02\/Logo_Ara_Lleida_verde-300x114.png\" alt=\"\" width=\"225\" height=\"75\" \/>[\/vc_column_text][vc_empty_space height=\u00a0\u00bb120px\u00a0\u00bb][vc_empty_space height=\u00a0\u00bb46px\u00a0\u00bb][vc_column_text]<\/p>\n<h4 style=\"text-align: left;\">AV\u00cdS LEGAL<\/h4>\n<p>[\/vc_column_text][vc_empty_space height=\u00a0\u00bb46px\u00a0\u00bb][vc_column_text]<\/p>\n<p style=\"text-align: left;\">El Patronat de Turisme de la Diputaci\u00f3 de Lleida ofereix aquesta web per facilitar als usuaris l&rsquo;acc\u00e9s a la informaci\u00f3 de qu\u00e8 disposa. L&rsquo;usuari podr\u00e0 lliurement -nom\u00e9s per al seu \u00fas personal- copiar en el seu ordinador les p\u00e0gines o pantalles a les quals pot accedir o obtenir-ne una c\u00f2pia impresa. No \u00e9s permesa la reproducci\u00f3, plagi o publicaci\u00f3 de la totalitat o part dels continguts sense l&rsquo;autoritzaci\u00f3 expressa del seu titular. Qui, sense autoritzaci\u00f3, reprodueixi, plagi\u00ef o publiqui el contingut d&rsquo;aquesta web, incorrer\u00e0 en un delicte penal.<\/p>\n<p>&nbsp;<\/p>\n<p style=\"text-align: left;\">El Patronat de Turisme de la Diputaci\u00f3 de Lleida no \u00e9s responsable de l&rsquo;exactitud i l&rsquo;actualitzaci\u00f3 de la informaci\u00f3 que provingui d&rsquo;altres persones f\u00edsiques o jur\u00eddiques, que consti a la p\u00e0gina web o a la qual es remeti. El Patronat de Turisme de la Diputaci\u00f3 de Lleida es reserva la facultat d&rsquo;efectuar canvis i modificacions de la informaci\u00f3 de la web en qualsevol moment.<\/p>\n<p>&nbsp;<\/p>\n<p style=\"text-align: left;\">Dip\u00f2sit Legal:<strong> LL-234-2001<\/strong><\/p>\n<p>[\/vc_column_text][vc_empty_space height=\u00a0\u00bb120px\u00a0\u00bb][\/vc_column][\/vc_row]<\/p>\n<\/section>","protected":false},"excerpt":{"rendered":"<p>[vc_row css_animation=\u00a0\u00bb\u00a0\u00bb row_type=\u00a0\u00bbrow\u00a0\u00bb use_row_as_full_screen_section=\u00a0\u00bbno\u00a0\u00bb type=\u00a0\u00bbfull_width\u00a0\u00bb angled_section=\u00a0\u00bbno\u00a0\u00bb text_align=\u00a0\u00bbcenter\u00a0\u00bb background_image_as_pattern=\u00a0\u00bbwithout_pattern\u00a0\u00bb css=\u00a0\u00bb.vc_custom_1468932802545{padding-top: 108px !important;padding-bottom: 140px !important;}\u00a0\u00bb][vc_column width=\u00a0\u00bb1\/6&Prime; offset=\u00a0\u00bbvc_col-lg-offset-2 vc_col-lg-8 vc_col-md-offset-1 vc_col-md-10&Prime;][vc_empty_space height=\u00a0\u00bb120px\u00a0\u00bb][vc_column_text][\/vc_column_text][vc_empty_space height=\u00a0\u00bb120px\u00a0\u00bb][vc_empty_space height=\u00a0\u00bb46px\u00a0\u00bb][vc_column_text] AV\u00cdS LEGAL [\/vc_column_text][vc_empty_space height=\u00a0\u00bb46px\u00a0\u00bb][vc_column_text] El Patronat de Turisme de la Diputaci\u00f3 de Lleida ofereix aquesta web per facilitar als usuaris l&rsquo;acc\u00e9s a la informaci\u00f3&#8230;<\/p>\n","protected":false},"author":1,"featured_media":0,"parent":0,"menu_order":0,"comment_status":"closed","ping_status":"closed","template":"","meta":{"_monsterinsights_skip_tracking":false,"_monsterinsights_sitenote_active":false,"_monsterinsights_sitenote_note":"","_monsterinsights_sitenote_category":0,"footnotes":""},"class_list":["post-2868","page","type-page","status-publish","hentry"],"_links":{"self":[{"href":"https:\/\/lafloracio.cat\/fr\/wp-json\/wp\/v2\/pages\/2868","targetHints":{"allow":["GET"]}}],"collection":[{"href":"https:\/\/lafloracio.cat\/fr\/wp-json\/wp\/v2\/pages"}],"about":[{"href":"https:\/\/lafloracio.cat\/fr\/wp-json\/wp\/v2\/types\/page"}],"author":[{"embeddable":true,"href":"https:\/\/lafloracio.cat\/fr\/wp-json\/wp\/v2\/users\/1"}],"replies":[{"embeddable":true,"href":"https:\/\/lafloracio.cat\/fr\/wp-json\/wp\/v2\/comments?post=2868"}],"version-history":[{"count":0,"href":"https:\/\/lafloracio.cat\/fr\/wp-json\/wp\/v2\/pages\/2868\/revisions"}],"wp:attachment":[{"href":"https:\/\/lafloracio.cat\/fr\/wp-json\/wp\/v2\/media?parent=2868"}],"curies":[{"name":"wp","href":"https:\/\/api.w.org\/{rel}","templated":true}]}}