{"id":2730,"date":"2023-02-24T09:32:52","date_gmt":"2023-02-24T08:32:52","guid":{"rendered":"https:\/\/lafloracio.cat\/alcoletge\/"},"modified":"2026-02-17T10:22:20","modified_gmt":"2026-02-17T09:22:20","slug":"alcoletge","status":"publish","type":"page","link":"https:\/\/lafloracio.cat\/fr\/alcoletge\/","title":{"rendered":"Alcoletge"},"content":{"rendered":"<section class=\"wpb-content-wrapper\"><p>[vc_row css_animation=\u00a0\u00bb\u00a0\u00bb row_type=\u00a0\u00bbrow\u00a0\u00bb use_row_as_full_screen_section=\u00a0\u00bbno\u00a0\u00bb type=\u00a0\u00bbfull_width\u00a0\u00bb angled_section=\u00a0\u00bbno\u00a0\u00bb text_align=\u00a0\u00bbleft\u00a0\u00bb background_image_as_pattern=\u00a0\u00bbwithout_pattern\u00a0\u00bb][vc_column width=\u00a0\u00bb1\/6&Prime;][\/vc_column][vc_column width=\u00a0\u00bb2\/3&Prime;][vc_column_text]<\/p>\n<h1 style=\"text-align: center;\"><strong>Floraci\u00f3, patrimoni i mem\u00f2ria<\/strong>.<\/h1>\n<p>[\/vc_column_text][vc_empty_space height=\u00a0\u00bb46px\u00a0\u00bb][vc_column_text]El punt de trobada ser\u00e0 la rotonda d\u2019entrada del municipi, al costat hi ha un aparcament per a cotxes. Comencem a un camp de l\u2019horta d\u2019Alcoletge on veurem la floraci\u00f3 d\u2019un camp de pera, all\u00ed el pag\u00e8s ens explicar\u00e0 la seva feina i l\u2019evoluci\u00f3 dels arbres fins a arribar a la recol\u00b7lecci\u00f3 dels fruits, all\u00ed\u00a0 s\u2019oferir\u00e0 un petit esmorzar amb caf\u00e8, beure i pastes dolces i salades; posteriorment anirem amb els cotxes al Tossal dels Morts (es pot aparcar davant), la t\u00e8cnica de turisme del municipi far\u00e0 una breu explicaci\u00f3 sobre els elements patrimonials del mateix, amb visita a l\u2019observatori republic\u00e0 (restaurat fa poc).<\/p>\n<p>&nbsp;<\/p>\n<p>Posteriorment anirem en cotxe a un altre aparcament prop del Tossal de la Nora, all\u00ed visitarem un altre camp de fruita i posteriorment el Tossal de la Nora, amb explicaci\u00f3 dels elements hist\u00f2rics i patrimonials del mateix. En aquest moment obsequiarem amb un petit lot de productes locals (pomes i peres).<\/p>\n<p>&nbsp;<\/p>\n<p>Aprendrem l\u2019evoluci\u00f3 dels arbres, les t\u00e8cniques de poda, aclariment i recol\u00b7lecci\u00f3 de la fruita, concretament de la pera amb explicacions de pagesos del municipi; Gaudirem de la floraci\u00f3 d\u2019aquests arbres i coneixements part dels elements patrimonials del municipi, amb les explicacions de la t\u00e8cnica de turisme. Tamb\u00e9 s\u2019oferir\u00e0 l\u2019opci\u00f3 d\u2019un dinar a un restaurant del municipi que oferir\u00e0 un men\u00fa amb pera i poma.<\/p>\n<p>&nbsp;<\/p>\n<p><strong>Parades imprescindibles<\/strong><\/p>\n<div class=\"page\" title=\"Page 2\">\n<div class=\"section\">\n<div class=\"layoutArea\">\n<div class=\"column\">\n<ul>\n<li>Rotonda de la carretera 13-13.<\/li>\n<li>Un camp de l\u2019Horta d\u2019Alcoletge que \u00e9s a prop del lloc de trobada.<\/li>\n<li>Aparcament davant del Tossal dels Morts.<\/li>\n<li>Tossal dels Morts.<\/li>\n<li>Aparcament al costat del Tossal de la Nora (la del cementiri municipal).<\/li>\n<li>Un camp molt a prop d\u2019aquest aparcament.<\/li>\n<li>Tossal de la Nora.<\/li>\n<\/ul>\n<p>&nbsp;<\/p>\n<\/div>\n<\/div>\n<\/div>\n<\/div>\n<p><strong>Dist\u00e0ncia:\u00a0<\/strong>5 Km.<\/p>\n<p><strong>Durada de la ruta:<\/strong> 4h.<\/p>\n<p><strong>Tamany del grup per ruta:<\/strong> 30 &#8211; 40 persones.<\/p>\n<p><strong>D\u00edes disponibles: <\/strong>25-26 de mar\u00e7.<\/p>\n<p><strong>Horaris:<\/strong>\u00a0 9.30h. a 13.30h.<\/p>\n<p><strong>Preus<\/strong><\/p>\n<p>3\u20ac\u00a0 per persona (IVA incl\u00f3s).[\/vc_column_text][vc_empty_space height=\u00a0\u00bb46px\u00a0\u00bb][\/vc_column][vc_column width=\u00a0\u00bb1\/6&Prime;][vc_empty_space height=\u00a0\u00bb120px\u00a0\u00bb][vc_column_text]<\/p>\n<h6 style=\"text-align: right;\">AJUNTAMENT<\/h6>\n<h6 style=\"text-align: right;\">ALCOLETGE<\/h6>\n<p style=\"text-align: right;\">Carrer del Sitjar, 2<\/p>\n<p style=\"text-align: right;\">Alcoletge \u2013 25660<\/p>\n<p style=\"text-align: right;\">Lleida<\/p>\n<p>[\/vc_column_text][vc_empty_space height=\u00a0\u00bb23px\u00a0\u00bb]<a  itemprop=\"url\" href=\"http:\/\/www.alcoletge.cat\/\" target=\"_blank\"  class=\"qbutton  right default\" style=\"\">WEB MUNICIPAL<\/a>[vc_empty_space height=\u00a0\u00bb15px\u00a0\u00bb]<a  itemprop=\"url\" href=\"https:\/\/visitalcoletge.cat\" target=\"_blank\"  class=\"qbutton  right default\" style=\"\">WEB TURISME<\/a>[vc_empty_space height=\u00a0\u00bb23px\u00a0\u00bb][vc_separator type=\u00a0\u00bbnormal\u00a0\u00bb color=\u00a0\u00bb#000000&Prime;][vc_column_text]<\/p>\n<h5 style=\"text-align: right;\">Tel. 973 196 011<\/h5>\n<p>[\/vc_column_text][vc_empty_space height=\u00a0\u00bb46px\u00a0\u00bb][\/vc_column][\/vc_row][vc_row css_animation=\u00a0\u00bb\u00a0\u00bb row_type=\u00a0\u00bbrow\u00a0\u00bb use_row_as_full_screen_section=\u00a0\u00bbno\u00a0\u00bb type=\u00a0\u00bbfull_width\u00a0\u00bb angled_section=\u00a0\u00bbno\u00a0\u00bb text_align=\u00a0\u00bbcenter\u00a0\u00bb background_image_as_pattern=\u00a0\u00bbwithout_pattern\u00a0\u00bb z_index=\u00a0\u00bb\u00a0\u00bb][vc_column width=\u00a0\u00bb1\/6&Prime;][\/vc_column][vc_column width=\u00a0\u00bb2\/3&Prime;][vc_separator type=\u00a0\u00bbnormal\u00a0\u00bb color=\u00a0\u00bb#000000&Prime;][vc_empty_space height=\u00a0\u00bb46px\u00a0\u00bb][vc_column_text]<\/p>\n<h3 style=\"text-align: center;\">Fes la teva reserva<\/h3>\n<p>[\/vc_column_text][vc_empty_space height=\u00a0\u00bb46px\u00a0\u00bb]<a  itemprop=\"url\" href=\"https:\/\/lafloracio.cat\/es\/contacta-alcoletge\/\" target=\"_blank\"  class=\"qbutton  center enlarge\" style=\"\">RESERVA<\/a>[vc_empty_space height=\u00a0\u00bb23px\u00a0\u00bb][vc_column_text]<\/p>\n<h3 style=\"text-align: center;\">Tamb\u00e9 pots reservar al tel\u00e8fon <strong>625 620 143<\/strong><\/h3>\n<p>[\/vc_column_text][vc_empty_space height=\u00a0\u00bb46px\u00a0\u00bb][vc_separator type=\u00a0\u00bbnormal\u00a0\u00bb color=\u00a0\u00bb#000000&Prime;][vc_empty_space height=\u00a0\u00bb46px\u00a0\u00bb][vc_column_text]<\/p>\n<h3 style=\"text-align: center;\">Si tens qualsevol consulta contacta amb nosaltres.<\/h3>\n<p>[\/vc_column_text][vc_empty_space height=\u00a0\u00bb46px\u00a0\u00bb]<a  itemprop=\"url\" href=\"https:\/\/lafloracio.cat\/es\/contacta-alcoletge\/\" target=\"_self\"  class=\"qbutton  center enlarge\" style=\"\">CONTACTA<\/a>[vc_empty_space height=\u00a0\u00bb46px\u00a0\u00bb][vc_separator type=\u00a0\u00bbnormal\u00a0\u00bb color=\u00a0\u00bb#000000&Prime;][vc_empty_space height=\u00a0\u00bb46px\u00a0\u00bb][vc_gallery type=\u00a0\u00bbimage_grid\u00a0\u00bb images=\u00a0\u00bb2731,2036,2038,2040&Prime; img_size=\u00a0\u00bb200&#215;200&Prime; css_animation=\u00a0\u00bbfadeIn\u00a0\u00bb column_number=\u00a0\u00bb3&Prime; grayscale=\u00a0\u00bbno\u00a0\u00bb images_space=\u00a0\u00bbgallery_without_space\u00a0\u00bb][vc_empty_space height=\u00a0\u00bb60px\u00a0\u00bb][\/vc_column][vc_column width=\u00a0\u00bb1\/6&Prime;][\/vc_column][\/vc_row]<\/p>\n<\/section>","protected":false},"excerpt":{"rendered":"<p>[vc_row css_animation=\u00a0\u00bb\u00a0\u00bb row_type=\u00a0\u00bbrow\u00a0\u00bb use_row_as_full_screen_section=\u00a0\u00bbno\u00a0\u00bb type=\u00a0\u00bbfull_width\u00a0\u00bb angled_section=\u00a0\u00bbno\u00a0\u00bb text_align=\u00a0\u00bbleft\u00a0\u00bb background_image_as_pattern=\u00a0\u00bbwithout_pattern\u00a0\u00bb][vc_column width=\u00a0\u00bb1\/6&Prime;][\/vc_column][vc_column width=\u00a0\u00bb2\/3&Prime;][vc_column_text] Floraci\u00f3, patrimoni i mem\u00f2ria. [\/vc_column_text][vc_empty_space height=\u00a0\u00bb46px\u00a0\u00bb][vc_column_text]El punt de trobada ser\u00e0 la rotonda d\u2019entrada del municipi, al costat hi ha un aparcament per a cotxes. Comencem a un camp de l\u2019horta d\u2019Alcoletge on veurem la floraci\u00f3&#8230;<\/p>\n","protected":false},"author":3,"featured_media":0,"parent":0,"menu_order":0,"comment_status":"closed","ping_status":"closed","template":"","meta":{"_monsterinsights_skip_tracking":false,"_monsterinsights_sitenote_active":false,"_monsterinsights_sitenote_note":"","_monsterinsights_sitenote_category":0,"footnotes":""},"class_list":["post-2730","page","type-page","status-publish","hentry"],"_links":{"self":[{"href":"https:\/\/lafloracio.cat\/fr\/wp-json\/wp\/v2\/pages\/2730","targetHints":{"allow":["GET"]}}],"collection":[{"href":"https:\/\/lafloracio.cat\/fr\/wp-json\/wp\/v2\/pages"}],"about":[{"href":"https:\/\/lafloracio.cat\/fr\/wp-json\/wp\/v2\/types\/page"}],"author":[{"embeddable":true,"href":"https:\/\/lafloracio.cat\/fr\/wp-json\/wp\/v2\/users\/3"}],"replies":[{"embeddable":true,"href":"https:\/\/lafloracio.cat\/fr\/wp-json\/wp\/v2\/comments?post=2730"}],"version-history":[{"count":1,"href":"https:\/\/lafloracio.cat\/fr\/wp-json\/wp\/v2\/pages\/2730\/revisions"}],"predecessor-version":[{"id":2755,"href":"https:\/\/lafloracio.cat\/fr\/wp-json\/wp\/v2\/pages\/2730\/revisions\/2755"}],"wp:attachment":[{"href":"https:\/\/lafloracio.cat\/fr\/wp-json\/wp\/v2\/media?parent=2730"}],"curies":[{"name":"wp","href":"https:\/\/api.w.org\/{rel}","templated":true}]}}