{"id":2628,"date":"2023-02-24T18:26:26","date_gmt":"2023-02-24T17:26:26","guid":{"rendered":"https:\/\/lafloracio.cat\/torres-de-segre\/"},"modified":"2026-02-17T10:22:13","modified_gmt":"2026-02-17T09:22:13","slug":"torres-de-segre","status":"publish","type":"page","link":"https:\/\/lafloracio.cat\/fr\/torres-de-segre\/","title":{"rendered":"Torres de Segre"},"content":{"rendered":"<section class=\"wpb-content-wrapper\"><p>[vc_row css_animation=\u00a0\u00bb\u00a0\u00bb row_type=\u00a0\u00bbrow\u00a0\u00bb use_row_as_full_screen_section=\u00a0\u00bbno\u00a0\u00bb type=\u00a0\u00bbfull_width\u00a0\u00bb angled_section=\u00a0\u00bbno\u00a0\u00bb text_align=\u00a0\u00bbleft\u00a0\u00bb background_image_as_pattern=\u00a0\u00bbwithout_pattern\u00a0\u00bb][vc_column width=\u00a0\u00bb1\/6&Prime;][\/vc_column][vc_column width=\u00a0\u00bb2\/3&Prime;][vc_column_text]<\/p>\n<h1 style=\"text-align: center;\"><strong>Floraci\u00f3 en Carnaval.<\/strong><\/h1>\n<p>[\/vc_column_text][vc_empty_space height=\u00a0\u00bb46px\u00a0\u00bb][vc_column_text]Comen\u00e7arem la ruta en cotxe particular des del poble fins a Carrassumada amb una parada als camps florits, en arribar a Carrassumada, visita de l\u2019ermita i obra teatralitzada, sortida cap a Utxesa i visita per l\u2019embassament i els camps florits, i per acabar la jornada convidem a tothom a quedar-se al municipi a gaudir del Carnaval de Torres de Segre.<\/p>\n<p>&nbsp;<\/p>\n<p><strong>On som?<\/strong><\/p>\n<p>Al baix Segri\u00e0, entre dos espais naturals, ENP de l\u2019Aiguabarreig Segre-Cinca i l\u2019Embassament d\u2019Utxesa.<\/p>\n<p>&nbsp;<\/p>\n<p><strong>Qu\u00e8 hi veurem?<\/strong><\/p>\n<p>Els camps florits de nectarina i pr\u00e9ssec, l\u2019Ermita de Carrassumada, el monument del Mai M\u00e9s, el Punt d\u2019Informaci\u00f3 d\u2019Utxesa i part de la Reserva Natural d\u2019Utxesa.<\/p>\n<p>&nbsp;<\/p>\n<p><strong>Qu\u00e8 es pot aprendre?<\/strong><\/p>\n<p>De la m\u00e0 d\u2019un t\u00e8cnic agr\u00f2nom i ve\u00ed del poble ens explicar\u00e0 en que consisteix la Floraci\u00f3, hist\u00f2ria d\u2019una Ermita i del monument del Mai M\u00e9s que hi ha tocar i part de la fauna, flora i hist\u00f2ria de l\u2019embassament d\u2019Utxesa<\/p>\n<p>&nbsp;<\/p>\n<p><strong>Elements singulars del nostre patrimoni<\/strong><\/p>\n<p>Podrem visitar tant patrimoni cultural com hist\u00f2ric.<\/p>\n<p>&nbsp;<\/p>\n<p><strong>Parades imprescindibles<\/strong><\/p>\n<ul>\n<li>Camps florits<\/li>\n<li>Ermita de Carrassumada<\/li>\n<li>Punt d\u2019Informaci\u00f3 d\u2019Utxesa<\/li>\n<\/ul>\n<p>&nbsp;<\/p>\n<p><strong>Dist\u00e0ncia:<\/strong> 10,2km.<\/p>\n<p><strong>Durada de la ruta:<\/strong> 5h<\/p>\n<p><strong>Dies disponibles: <\/strong>4 de mar\u00e7.<\/p>\n<p><strong>Horaris: <\/strong>Des de les 9 del mat\u00ed fins les 14 del migdia i a la tarde Carnaval.<\/p>\n<p><strong>Preus<\/strong><\/p>\n<p><strong>5\u20ac<\/strong> per persona.[\/vc_column_text][vc_empty_space height=\u00a0\u00bb23px\u00a0\u00bb]<a  itemprop=\"url\" href=\"#\" target=\"_blank\"  class=\"qbutton  center enlarge\" style=\"\">RESERVA<\/a>[vc_empty_space height=\u00a0\u00bb23px\u00a0\u00bb][vc_separator type=\u00a0\u00bbnormal\u00a0\u00bb color=\u00a0\u00bb#000000&Prime;][vc_empty_space height=\u00a0\u00bb46px\u00a0\u00bb][vc_column_text]<\/p>\n<h1 style=\"text-align: center;\"><strong>Floraci\u00f3 amb mascotes.<\/strong><\/h1>\n<p>[\/vc_column_text][vc_empty_space height=\u00a0\u00bb23px\u00a0\u00bb][vc_column_text]Comen\u00e7arem la ruta des de l\u2019antic mol\u00ed, actualment el Museu de l\u2019Evoluci\u00f3 el qual visitarem i despr\u00e9s caminant amb les nostres mascotes fins a Carrassumada amb una parada als camps florits, en arribar a Carrassumada, visita de l\u2019ermita i obra teatralitzada, una vegada acabada l\u2019obra haur\u00e0 un vermut i les protectores d\u2019animals del Segri\u00e0 tindran paradetes.<\/p>\n<p>&nbsp;<\/p>\n<p><strong>On som?<\/strong><\/p>\n<p>Al baix Segri\u00e0, entre dos espais naturals, ENP de l\u2019Aiguabarreig Segre-Cinca i l\u2019Embassament d\u2019Utxesa.<\/p>\n<p>&nbsp;<\/p>\n<p><strong>Qu\u00e8 hi veurem?<\/strong><\/p>\n<p>Els camps florits de nectarina i pr\u00e9ssec, l\u2019Ermita de Carrassumada, el monument del Mai M\u00e9s i el Museu de l\u2019Evoluci\u00f3.<\/p>\n<p>&nbsp;<\/p>\n<p><strong>Qu\u00e8 es pot aprendre?<\/strong><\/p>\n<p>De la m\u00e0 d\u2019un t\u00e8cnic agr\u00f2nom i ve\u00ed del poble ens explicar\u00e0 en que consisteix la Floraci\u00f3, hist\u00f2ria d\u2019una Ermita i del monument del Mai M\u00e9s que hi ha tocar, i la hist\u00f2ria del Museu de l\u2019Evoluci\u00f3 amb les peces que hi cont\u00e9.<\/p>\n<p>&nbsp;<\/p>\n<p><strong>Elements singulars del nostre patrimoni<\/strong><\/p>\n<p>Podrem visitar tant patrimoni cultural com hist\u00f2ric.<\/p>\n<p>&nbsp;<\/p>\n<p><strong>Parades imprescindibles<\/strong><\/p>\n<ul>\n<li>Camps florits<\/li>\n<li>Ermita de Carrassumada<\/li>\n<li>Punt d\u2019Informaci\u00f3 d\u2019Utxesa<\/li>\n<\/ul>\n<p>&nbsp;<\/p>\n<p><strong>Dist\u00e0ncia:<\/strong> 7,4km.<\/p>\n<p><strong>Durada de la ruta:<\/strong> 5h<\/p>\n<p><strong>Dies disponibles: <\/strong>5 de mar\u00e7.<\/p>\n<p><strong>Horaris: <\/strong>Des de les 9.00h. del mat\u00ed fins les 14.00h. de migdia.<\/p>\n<p><strong>Preus<\/strong><\/p>\n<p><strong>5\u20ac<\/strong> per persona.[\/vc_column_text][vc_empty_space height=\u00a0\u00bb23px\u00a0\u00bb]<a  itemprop=\"url\" href=\"#\" target=\"_blank\"  class=\"qbutton  center enlarge\" style=\"\">RESERVA<\/a>[vc_empty_space height=\u00a0\u00bb23px\u00a0\u00bb][vc_separator type=\u00a0\u00bbnormal\u00a0\u00bb color=\u00a0\u00bb#000000&Prime;][vc_empty_space height=\u00a0\u00bb46px\u00a0\u00bb][vc_column_text]<\/p>\n<h1 style=\"text-align: center;\"><strong>Floraci\u00f3 i els comerciants del poble.<\/strong><\/h1>\n<p>[\/vc_column_text][vc_empty_space height=\u00a0\u00bb23px\u00a0\u00bb][vc_column_text]Ruta en cotxe particular des de L\u2019ajuntament fins a Utxesa, on anirem al mirador de les comportes passant per els camps florits i se\u2019ls hi explicar\u00e0 tot l\u2019entorn, tant de l\u2019embassament com del Canal de Ser\u00f3s, farem una parada als camps florits i continuarem fins a Carrassumada,\u00a0 en arribar a Carrassumada, visita de l\u2019ermita i obra teatralitzada, acabada la obra ens dirigirem fins al poble on hi haur\u00e0 la possibilitat de dinar tots plegats a l\u2019esdeveniment de les jornades multiculturals, on cada comunitat, pa\u00eds o \u00e8tnia diferent que hi viu al poble, far\u00e0 un tast gastron\u00f2mic de menjar t\u00edpics dels seus pa\u00efsos, passant des de Catalunya, Marroc, Romania, Pol\u00f2nia, Vene\u00e7uela i Colombia, entre d\u2019altres i per la tarda per acabarem fent una visita al Museu de l\u2019Evoluci\u00f3 i passejarem pel poble per visitar els comerciants del municipi.<\/p>\n<p>&nbsp;<\/p>\n<p><strong>On som?<\/strong><\/p>\n<p>Al baix Segri\u00e0, entre dos espais naturals, ENP de l\u2019Aiguabarreig Segre-Cinca i l\u2019Embassament d\u2019Utxesa.<\/p>\n<p>&nbsp;<\/p>\n<p><strong>Qu\u00e8 hi veurem?<\/strong><\/p>\n<p>Els camps florits de nectarina i pr\u00e9ssec, l\u2019Ermita de Carrassumada, el monument del Mai M\u00e9s i el Museu de l\u2019Evoluci\u00f3 i la Reserva Natural d\u2019Utxesa.<\/p>\n<p>&nbsp;<\/p>\n<p><strong>Qu\u00e8 es pot aprendre?<\/strong><\/p>\n<p>De la m\u00e0 d\u2019un t\u00e8cnic agr\u00f2nom i ve\u00ed del poble ens explicar\u00e0 en que consisteix la Floraci\u00f3, hist\u00f2ria d\u2019una Ermita i del monument del Mai M\u00e9s que hi ha tocar, la hist\u00f2ria del Museu de l\u2019Evoluci\u00f3 amb les peces que hi cont\u00e9, i hist\u00f2ria dels inicis de la Reserva Natural d\u2019Utxesa.<\/p>\n<p>&nbsp;<\/p>\n<p><strong>Elements singulars del nostre patrimoni<\/strong><\/p>\n<p>Podrem visitar tant patrimoni cultural com hist\u00f2ric.<\/p>\n<p>&nbsp;<\/p>\n<p><strong>Parades imprescindibles<\/strong><\/p>\n<ul>\n<li>Camps florits.<\/li>\n<li>Ermita de Carrassumada.<\/li>\n<li>Antic Mol\u00ed i Museu de l\u2019Evoluci\u00f3.<\/li>\n<li>Reserva Natural d\u2019Utxesa.<\/li>\n<\/ul>\n<p>&nbsp;<\/p>\n<p><strong>Dist\u00e0ncia:<\/strong> 10,2km.<\/p>\n<p><strong>Durada de la ruta:<\/strong> 8h<\/p>\n<p><strong>Dies disponibles: <\/strong>11 de mar\u00e7.<\/p>\n<p><strong>Horaris: <\/strong>Des de les 9.00h. del mat\u00ed fins les 17.00h. de la tarda.<\/p>\n<p><strong>Preus<\/strong><\/p>\n<p><strong>5\u20ac<\/strong> per persona + <strong>10\u20ac<\/strong> del dinar a les jornades multiculturals.[\/vc_column_text][vc_empty_space height=\u00a0\u00bb23px\u00a0\u00bb]<a  itemprop=\"url\" href=\"#\" target=\"_blank\"  class=\"qbutton  center enlarge\" style=\"\">RESERVA<\/a>[vc_empty_space height=\u00a0\u00bb23px\u00a0\u00bb][vc_separator type=\u00a0\u00bbnormal\u00a0\u00bb color=\u00a0\u00bb#000000&Prime;][vc_empty_space height=\u00a0\u00bb46px\u00a0\u00bb][vc_column_text]<\/p>\n<h1 style=\"text-align: center;\"><strong>Floraci\u00f3 i tractors.<\/strong><\/h1>\n<p>[\/vc_column_text][vc_empty_space height=\u00a0\u00bb23px\u00a0\u00bb][vc_column_text]Ens reunirem al Pavell\u00f3 del poble per un esmorzar solidari i gaudir d\u2019una exposici\u00f3 de tractors i cotxes antics, en acabar farem una caminada fins a Carrassumada \u00a0amb una parada als camps florits, en arribar a Carrassumada, visita de l\u2019ermita i obra teatralitzada, parada per dinar, tan de carmanyola o als restaurants del poble, per la tarda una visita al Museu de l\u2019Evoluci\u00f3.<\/p>\n<p>&nbsp;<\/p>\n<p><strong>On som?<\/strong><\/p>\n<p>Al baix Segri\u00e0, entre dos espais naturals, ENP de l\u2019Aiguabarreig Segre-Cinca i l\u2019Embassament d\u2019Utxesa.<\/p>\n<p>&nbsp;<\/p>\n<p><strong>Qu\u00e8 hi veurem?<\/strong><\/p>\n<p>Els camps florits de nectarina i pr\u00e9ssec, l\u2019Ermita de Carrassumada, el monument del Mai M\u00e9s i el Museu de l\u2019Evoluci\u00f3.<\/p>\n<p>&nbsp;<\/p>\n<p><strong>Qu\u00e8 es pot aprendre?<\/strong><\/p>\n<p>De la m\u00e0 d\u2019un t\u00e8cnic agr\u00f2nom i ve\u00ed del poble ens explicar\u00e0 en que consisteix la Floraci\u00f3, hist\u00f2ria d\u2019una Ermita i del monument del Mai M\u00e9s que hi ha tocar, la hist\u00f2ria del Museu de l\u2019Evoluci\u00f3 amb les peces que hi cont\u00e9.<\/p>\n<p>&nbsp;<\/p>\n<p><strong>Elements singulars del nostre patrimoni<\/strong><\/p>\n<p>Podrem visitar tant patrimoni cultural com hist\u00f2ric.<\/p>\n<p>&nbsp;<\/p>\n<p><strong>Parades imprescindibles<\/strong><\/p>\n<ul>\n<li>Camps florits<\/li>\n<li>Ermita de Carrassumada<\/li>\n<li>Antic Mol\u00ed i Museu de l\u2019Evoluci\u00f3<\/li>\n<\/ul>\n<p>&nbsp;<\/p>\n<p><strong>Dist\u00e0ncia:<\/strong> 7,4km.<\/p>\n<p><strong>Durada de la ruta:<\/strong> 8h<\/p>\n<p><strong>Dies disponibles: <\/strong>12 de mar\u00e7.<\/p>\n<p><strong>Horaris: <\/strong>Des de les 9.00h. del mat\u00ed fins les 17.00h. de la tarda.<\/p>\n<p><strong>Preus<\/strong><\/p>\n<p>GRATU\u00cfT[\/vc_column_text][vc_empty_space height=\u00a0\u00bb23px\u00a0\u00bb]<a  itemprop=\"url\" href=\"#\" target=\"_blank\"  class=\"qbutton  center enlarge\" style=\"\">RESERVA<\/a>[vc_empty_space height=\u00a0\u00bb23px\u00a0\u00bb][vc_separator type=\u00a0\u00bbnormal\u00a0\u00bb color=\u00a0\u00bb#000000&Prime;][vc_empty_space height=\u00a0\u00bb46px\u00a0\u00bb][vc_column_text]<\/p>\n<h1 style=\"text-align: center;\"><strong>Cloenda de la Floraci\u00f3 amb concert.<\/strong><\/h1>\n<p>[\/vc_column_text][vc_empty_space height=\u00a0\u00bb23px\u00a0\u00bb][vc_column_text]Ruta en cotxe particular des de L\u2019ajuntament fins a Carrassumada amb una parada als camps florits, en arribar a Carrassumada, visita de l\u2019ermita i obra teatralitzada, sortida cap a la Reserva Natural d\u2019Utxesa, on passejarem i coneixerem m\u00e9s sobre la fauna, flora i la hist\u00f2ria de l\u2019entorno, parada per dinar, tan de carmanyola o als restaurants del poble, per la tarda un concert de m\u00fasica com a cloenda de la Floraci\u00f3 per part de MAHUP PARTY BAND I DJ SURDA.<\/p>\n<p>&nbsp;<\/p>\n<p><strong>On som?<\/strong><\/p>\n<p>Al baix Segri\u00e0, entre dos espais naturals, ENP de l\u2019Aiguabarreig Segre-Cinca i l\u2019Embassament d\u2019Utxesa.<\/p>\n<p>&nbsp;<\/p>\n<p><strong>Qu\u00e8 hi veurem?<\/strong><\/p>\n<p>Els camps florits de nectarina i pr\u00e9ssec, l\u2019Ermita de Carrassumada, el monument del Mai M\u00e9s i la Reserva Natural d\u2019Utxesa.<\/p>\n<p>&nbsp;<\/p>\n<p><strong>Qu\u00e8 es pot aprendre?<\/strong><\/p>\n<p>De la m\u00e0 d\u2019un t\u00e8cnic agr\u00f2nom i ve\u00ed del poble ens explicar\u00e0 en que consisteix la Floraci\u00f3, hist\u00f2ria d\u2019una Ermita i del monument del Mai M\u00e9s que hi ha tocar, la hist\u00f2ria del Museu de l\u2019Evoluci\u00f3 amb les peces que hi cont\u00e9.<\/p>\n<p>&nbsp;<\/p>\n<p><strong>Elements singulars del nostre patrimoni<\/strong><\/p>\n<p>De la m\u00e0 d\u2019un t\u00e8cnic agr\u00f2nom i ve\u00ed del poble ens explicar\u00e0 en que consisteix la Floraci\u00f3, hist\u00f2ria d\u2019una Ermita i del monument del Mai M\u00e9s que hi ha tocar, hist\u00f2ria dels inicis de la Reserva Natural d\u2019Utxesa<\/p>\n<p>&nbsp;<\/p>\n<p><strong>Parades imprescindibles<\/strong><\/p>\n<ul>\n<li>Camps florits<\/li>\n<li>Ermita de Carrassumada<\/li>\n<li>Reserva Natural d\u2019Utxesa<\/li>\n<\/ul>\n<p>&nbsp;<\/p>\n<p><strong>Dist\u00e0ncia:<\/strong> 10,2km.<\/p>\n<p><strong>Durada de la ruta:<\/strong> 10h<\/p>\n<p><strong>Dies disponibles: <\/strong>18 de mar\u00e7.<\/p>\n<p><strong>Horaris: <\/strong>Des de les 9.00h. del mat\u00ed fins les 20.00h. de la tarda.<\/p>\n<p><strong>Preus<\/strong><\/p>\n<p><strong>5\u20ac<\/strong> per persona + entrada al concert (encara preu a determinar)[\/vc_column_text][vc_empty_space height=\u00a0\u00bb23px\u00a0\u00bb]<a  itemprop=\"url\" href=\"#\" target=\"_blank\"  class=\"qbutton  center enlarge\" style=\"\">RESERVA<\/a>[vc_empty_space height=\u00a0\u00bb23px\u00a0\u00bb][\/vc_column][vc_column width=\u00a0\u00bb1\/6&Prime;][vc_empty_space height=\u00a0\u00bb120px\u00a0\u00bb][vc_column_text]<\/p>\n<h6 style=\"text-align: right;\">AJUNTAMENT<\/h6>\n<h6 style=\"text-align: right;\">TORRES DE SEGRE<\/h6>\n<p style=\"text-align: right;\"><span class=\"text-nowrap\">Pla\u00e7a Esgl\u00e9sia, s\/n<\/span><\/p>\n<p style=\"text-align: right;\">25170 Torres de Segre<\/p>\n<p style=\"text-align: right;\">Lleida<\/p>\n<p>[\/vc_column_text][vc_empty_space height=\u00a0\u00bb46px\u00a0\u00bb]<a  itemprop=\"url\" href=\"https:\/\/www.torressegre.cat\/\" target=\"_blank\"  class=\"qbutton  center enlarge\" style=\"\">WEB MUNICIPAL<\/a>[vc_empty_space height=\u00a0\u00bb46px\u00a0\u00bb][vc_separator type=\u00a0\u00bbnormal\u00a0\u00bb color=\u00a0\u00bb#000000&Prime;][vc_column_text]<\/p>\n<h5 style=\"text-align: right;\">Tel. 973 796 005<\/h5>\n<h5 style=\"text-align: right;\">Mov. <strong>660 612 615<\/strong><\/h5>\n<p>[\/vc_column_text][vc_empty_space height=\u00a0\u00bb46px\u00a0\u00bb][\/vc_column][\/vc_row][vc_row css_animation=\u00a0\u00bb\u00a0\u00bb row_type=\u00a0\u00bbrow\u00a0\u00bb use_row_as_full_screen_section=\u00a0\u00bbno\u00a0\u00bb type=\u00a0\u00bbfull_width\u00a0\u00bb angled_section=\u00a0\u00bbno\u00a0\u00bb text_align=\u00a0\u00bbcenter\u00a0\u00bb background_image_as_pattern=\u00a0\u00bbwithout_pattern\u00a0\u00bb z_index=\u00a0\u00bb\u00a0\u00bb][vc_column width=\u00a0\u00bb1\/6&Prime;][\/vc_column][vc_column width=\u00a0\u00bb2\/3&Prime;][vc_separator type=\u00a0\u00bbnormal\u00a0\u00bb color=\u00a0\u00bb#000000&Prime;][vc_empty_space height=\u00a0\u00bb46px\u00a0\u00bb][vc_column_text]<\/p>\n<h3 style=\"text-align: center;\">Si tens qualsevol consulta contacta amb nosaltres.<\/h3>\n<p>[\/vc_column_text][vc_empty_space height=\u00a0\u00bb46px\u00a0\u00bb]<a  itemprop=\"url\" href=\"https:\/\/lafloracio.cat\/contacta-torres-de-segre\/\" target=\"_self\"  class=\"qbutton  center enlarge\" style=\"\">CONTACTA<\/a>[vc_empty_space height=\u00a0\u00bb46px\u00a0\u00bb][vc_separator type=\u00a0\u00bbnormal\u00a0\u00bb color=\u00a0\u00bb#000000&Prime;][vc_empty_space height=\u00a0\u00bb46px\u00a0\u00bb][vc_gallery type=\u00a0\u00bbimage_grid\u00a0\u00bb images=\u00a0\u00bb1974,1976,1978,1972,1969,1967,1965,1961,1959&Prime; img_size=\u00a0\u00bb200&#215;200&Prime; css_animation=\u00a0\u00bbfadeIn\u00a0\u00bb column_number=\u00a0\u00bb3&Prime; grayscale=\u00a0\u00bbno\u00a0\u00bb images_space=\u00a0\u00bbgallery_without_space\u00a0\u00bb][vc_empty_space height=\u00a0\u00bb60px\u00a0\u00bb][\/vc_column][vc_column width=\u00a0\u00bb1\/6&Prime;][\/vc_column][\/vc_row]<\/p>\n<\/section>","protected":false},"excerpt":{"rendered":"<p>[vc_row css_animation=\u00a0\u00bb\u00a0\u00bb row_type=\u00a0\u00bbrow\u00a0\u00bb use_row_as_full_screen_section=\u00a0\u00bbno\u00a0\u00bb type=\u00a0\u00bbfull_width\u00a0\u00bb angled_section=\u00a0\u00bbno\u00a0\u00bb text_align=\u00a0\u00bbleft\u00a0\u00bb background_image_as_pattern=\u00a0\u00bbwithout_pattern\u00a0\u00bb][vc_column width=\u00a0\u00bb1\/6&Prime;][\/vc_column][vc_column width=\u00a0\u00bb2\/3&Prime;][vc_column_text] Floraci\u00f3 en Carnaval. [\/vc_column_text][vc_empty_space height=\u00a0\u00bb46px\u00a0\u00bb][vc_column_text]Comen\u00e7arem la ruta en cotxe particular des del poble fins a Carrassumada amb una parada als camps florits, en arribar a Carrassumada, visita de l\u2019ermita i obra teatralitzada, sortida cap a&#8230;<\/p>\n","protected":false},"author":3,"featured_media":0,"parent":0,"menu_order":0,"comment_status":"closed","ping_status":"closed","template":"","meta":{"_monsterinsights_skip_tracking":false,"_monsterinsights_sitenote_active":false,"_monsterinsights_sitenote_note":"","_monsterinsights_sitenote_category":0,"footnotes":""},"class_list":["post-2628","page","type-page","status-publish","hentry"],"_links":{"self":[{"href":"https:\/\/lafloracio.cat\/fr\/wp-json\/wp\/v2\/pages\/2628","targetHints":{"allow":["GET"]}}],"collection":[{"href":"https:\/\/lafloracio.cat\/fr\/wp-json\/wp\/v2\/pages"}],"about":[{"href":"https:\/\/lafloracio.cat\/fr\/wp-json\/wp\/v2\/types\/page"}],"author":[{"embeddable":true,"href":"https:\/\/lafloracio.cat\/fr\/wp-json\/wp\/v2\/users\/3"}],"replies":[{"embeddable":true,"href":"https:\/\/lafloracio.cat\/fr\/wp-json\/wp\/v2\/comments?post=2628"}],"version-history":[{"count":1,"href":"https:\/\/lafloracio.cat\/fr\/wp-json\/wp\/v2\/pages\/2628\/revisions"}],"predecessor-version":[{"id":2653,"href":"https:\/\/lafloracio.cat\/fr\/wp-json\/wp\/v2\/pages\/2628\/revisions\/2653"}],"wp:attachment":[{"href":"https:\/\/lafloracio.cat\/fr\/wp-json\/wp\/v2\/media?parent=2628"}],"curies":[{"name":"wp","href":"https:\/\/api.w.org\/{rel}","templated":true}]}}