{"id":2520,"date":"2024-02-26T16:51:27","date_gmt":"2024-02-26T15:51:27","guid":{"rendered":"https:\/\/lafloracio.cat\/garrigues\/"},"modified":"2026-02-22T14:36:11","modified_gmt":"2026-02-22T13:36:11","slug":"garrigues","status":"publish","type":"page","link":"https:\/\/lafloracio.cat\/fr\/garrigues\/","title":{"rendered":"Les Garrigues"},"content":{"rendered":"<section class=\"wpb-content-wrapper\"><p>[vc_row css_animation=\u00a0\u00bb\u00a0\u00bb row_type=\u00a0\u00bbrow\u00a0\u00bb use_row_as_full_screen_section=\u00a0\u00bbno\u00a0\u00bb type=\u00a0\u00bbfull_width\u00a0\u00bb angled_section=\u00a0\u00bbno\u00a0\u00bb text_align=\u00a0\u00bbcenter\u00a0\u00bb background_image_as_pattern=\u00a0\u00bbwithout_pattern\u00a0\u00bb z_index=\u00a0\u00bb\u00a0\u00bb][vc_column width=\u00a0\u00bb1\/6&Prime;][\/vc_column][vc_column width=\u00a0\u00bb2\/3&Prime;][vc_column_text]<\/p>\n<h1 style=\"text-align: center;\">Les Garrigues<\/h1>\n<h3 style=\"text-align: center;\">Des amandiers en fleurs<\/h3>\n<p>[\/vc_column_text][vc_empty_space height=\u00a0\u00bb46px\u00a0\u00bb][vc_column_text]<\/p>\n<p style=\"text-align: justify;\">La floraison des amandiers dans les champs de Les Garrigues, dans les Terres de Lleida, est un \u00e9v\u00e9nement magique qui transforme la zone en un paradis de couleurs durant le printemps. Le paysage se teinte de blanc et de rose tandis que les amandiers se couvrent d\u2019une floraison spectaculaire, cr\u00e9ant une carte postale idyllique qui captive tous les sens. Cette r\u00e9gion, connue pour sa richesse agricole, devient un cadre unique o\u00f9 la nature exhibe sa grandeur.<\/p>\n<p>&nbsp;<\/p>\n<p style=\"text-align: justify;\">Les activit\u00e9s organis\u00e9es pour profiter de ce spectacle naturel sont aussi diverses que fascinantes. Des itin\u00e9raires parmi les amandiers en fleurs qui permettent aux visiteurs de s\u2019immerger dans cette mer de p\u00e9tales aux \u00e9v\u00e9nements gastronomiques qui mettent en valeur les produits locaux. Dans Les Garrigues, des ap\u00e9ritifs parmi les amandiers en fleurs avec musique et des randonn\u00e9es sont organis\u00e9s\u2009; les restaurants avec le label Restaurant Verge Extra proposent des menus ou des plats en lien avec la floraison. La zone offre \u00e9galement des activit\u00e9s culturelles, avec des concerts et repr\u00e9sentations au milieu de ce d\u00e9cor floral.<\/p>\n<p>&nbsp;<\/p>\n<p style=\"text-align: justify;\">Si cette c\u00e9l\u00e9bration de la floraison des amandiers r\u00e9v\u00e8le la nature exub\u00e9rante de Les Garrigues, elle promeut aussi la fiert\u00e9 et la connexion avec les racines locales. Elle est l\u2019occasion pour les habitants et les visiteurs de partager la beaut\u00e9 de ce spectacle \u00e9ph\u00e9m\u00e8re et de c\u00e9l\u00e9brer la richesse de la zone.<\/p>\n<p>[\/vc_column_text][vc_empty_space height=\u00a0\u00bb23px\u00a0\u00bb][\/vc_column][vc_column width=\u00a0\u00bb1\/6&Prime;][\/vc_column][\/vc_row][vc_row css_animation=\u00a0\u00bb\u00a0\u00bb row_type=\u00a0\u00bbrow\u00a0\u00bb use_row_as_full_screen_section=\u00a0\u00bbno\u00a0\u00bb type=\u00a0\u00bbfull_width\u00a0\u00bb angled_section=\u00a0\u00bbno\u00a0\u00bb text_align=\u00a0\u00bbcenter\u00a0\u00bb background_image_as_pattern=\u00a0\u00bbwithout_pattern\u00a0\u00bb z_index=\u00a0\u00bb\u00a0\u00bb][vc_column width=\u00a0\u00bb1\/6&Prime;][\/vc_column][vc_column width=\u00a0\u00bb2\/3&Prime;][vc_separator type=\u00a0\u00bbnormal\u00a0\u00bb color=\u00a0\u00bb#000000&Prime;][vc_empty_space height=\u00a0\u00bb46px\u00a0\u00bb][vc_column_text]<\/p>\n<h3 style=\"text-align: center;\">Pour en savoir plus, cliquer sur le bouton<\/h3>\n<p>[\/vc_column_text][vc_empty_space height=\u00a0\u00bb46px\u00a0\u00bb]<a  itemprop=\"url\" href=\"https:\/\/www.turismegarrigues.com\/blog\/arriba-lespectacle-dels-ametllers-florits-a-les-garrigues-2026-dates-pendents-de-la-floracio\/\" target=\"_blank\"  class=\"qbutton  center enlarge\" style=\"\">+ info<\/a>[vc_empty_space height=\u00a0\u00bb46px\u00a0\u00bb][vc_separator type=\u00a0\u00bbnormal\u00a0\u00bb color=\u00a0\u00bb#000000&Prime;][vc_empty_space height=\u00a0\u00bb46px\u00a0\u00bb][vc_gallery type=\u00a0\u00bbimage_grid\u00a0\u00bb images=\u00a0\u00bb2612,2611,2609&Prime; img_size=\u00a0\u00bb200&#215;200&Prime; css_animation=\u00a0\u00bbfadeIn\u00a0\u00bb column_number=\u00a0\u00bb3&Prime; grayscale=\u00a0\u00bbno\u00a0\u00bb images_space=\u00a0\u00bbgallery_without_space\u00a0\u00bb][vc_empty_space height=\u00a0\u00bb60px\u00a0\u00bb][\/vc_column][vc_column width=\u00a0\u00bb1\/6&Prime;][\/vc_column][\/vc_row]<\/p>\n<\/section>","protected":false},"excerpt":{"rendered":"<p>[vc_row css_animation=\u00a0\u00bb\u00a0\u00bb row_type=\u00a0\u00bbrow\u00a0\u00bb use_row_as_full_screen_section=\u00a0\u00bbno\u00a0\u00bb type=\u00a0\u00bbfull_width\u00a0\u00bb angled_section=\u00a0\u00bbno\u00a0\u00bb text_align=\u00a0\u00bbcenter\u00a0\u00bb background_image_as_pattern=\u00a0\u00bbwithout_pattern\u00a0\u00bb z_index=\u00a0\u00bb\u00a0\u00bb][vc_column width=\u00a0\u00bb1\/6&Prime;][\/vc_column][vc_column width=\u00a0\u00bb2\/3&Prime;][vc_column_text] Les Garrigues Des amandiers en fleurs [\/vc_column_text][vc_empty_space height=\u00a0\u00bb46px\u00a0\u00bb][vc_column_text] La floraison des amandiers dans les champs de Les Garrigues, dans les Terres de Lleida, est un \u00e9v\u00e9nement magique qui transforme la zone en un paradis&#8230;<\/p>\n","protected":false},"author":3,"featured_media":0,"parent":0,"menu_order":0,"comment_status":"closed","ping_status":"closed","template":"","meta":{"_monsterinsights_skip_tracking":false,"_monsterinsights_sitenote_active":false,"_monsterinsights_sitenote_note":"","_monsterinsights_sitenote_category":0,"footnotes":""},"class_list":["post-2520","page","type-page","status-publish","hentry"],"_links":{"self":[{"href":"https:\/\/lafloracio.cat\/fr\/wp-json\/wp\/v2\/pages\/2520","targetHints":{"allow":["GET"]}}],"collection":[{"href":"https:\/\/lafloracio.cat\/fr\/wp-json\/wp\/v2\/pages"}],"about":[{"href":"https:\/\/lafloracio.cat\/fr\/wp-json\/wp\/v2\/types\/page"}],"author":[{"embeddable":true,"href":"https:\/\/lafloracio.cat\/fr\/wp-json\/wp\/v2\/users\/3"}],"replies":[{"embeddable":true,"href":"https:\/\/lafloracio.cat\/fr\/wp-json\/wp\/v2\/comments?post=2520"}],"version-history":[{"count":7,"href":"https:\/\/lafloracio.cat\/fr\/wp-json\/wp\/v2\/pages\/2520\/revisions"}],"predecessor-version":[{"id":3507,"href":"https:\/\/lafloracio.cat\/fr\/wp-json\/wp\/v2\/pages\/2520\/revisions\/3507"}],"wp:attachment":[{"href":"https:\/\/lafloracio.cat\/fr\/wp-json\/wp\/v2\/media?parent=2520"}],"curies":[{"name":"wp","href":"https:\/\/api.w.org\/{rel}","templated":true}]}}