{"id":2516,"date":"2024-02-26T17:17:05","date_gmt":"2024-02-26T16:17:05","guid":{"rendered":"https:\/\/lafloracio.cat\/segria\/"},"modified":"2026-02-22T14:27:52","modified_gmt":"2026-02-22T13:27:52","slug":"segria","status":"publish","type":"page","link":"https:\/\/lafloracio.cat\/fr\/segria\/","title":{"rendered":"El Segri\u00e0"},"content":{"rendered":"<section class=\"wpb-content-wrapper\"><p>[vc_row css_animation=\u00a0\u00bb\u00a0\u00bb row_type=\u00a0\u00bbrow\u00a0\u00bb use_row_as_full_screen_section=\u00a0\u00bbno\u00a0\u00bb type=\u00a0\u00bbfull_width\u00a0\u00bb angled_section=\u00a0\u00bbno\u00a0\u00bb text_align=\u00a0\u00bbcenter\u00a0\u00bb background_image_as_pattern=\u00a0\u00bbwithout_pattern\u00a0\u00bb z_index=\u00a0\u00bb\u00a0\u00bb][vc_column width=\u00a0\u00bb1\/6&Prime;][\/vc_column][vc_column width=\u00a0\u00bb2\/3&Prime;][vc_column_text]<\/p>\n<h1 style=\"text-align: center;\">El Segri\u00e0<\/h1>\n<h3 style=\"text-align: center;\">Des champs en fleurs<\/h3>\n<p>[\/vc_column_text][vc_empty_space height=\u00a0\u00bb46px\u00a0\u00bb][vc_column_text]<\/p>\n<p style=\"text-align: justify;\">L\u2019explosion de couleurs qu\u2019apporte la floraison des champs d\u2019arbres fruitiers dans El Segri\u00e0, Terres de Lleida, est un spectacle impressionnant qui transforme la r\u00e9gion en une toile naturelle durant le printemps. Le paysage se pare d\u2019une diversit\u00e9 florale, o\u00f9 chaque arbre fruitier, qu\u2019il s\u2019agisse de poirier ou de p\u00eacher, contribue \u00e0 ce d\u00e9ploiement de la nature.<\/p>\n<p>&nbsp;<\/p>\n<p style=\"text-align: justify;\">Les diff\u00e9rentes communes d\u2019El Segri\u00e0 se joignent \u00e0 cette c\u00e9l\u00e9bration avec une grande vari\u00e9t\u00e9 d\u2019activit\u00e9s. Des itin\u00e9raires panoramiques qui traversent les champs fleuris jusqu\u2019aux foires pr\u00e9sentant les produits locaux, le canton s\u2019emplit de vitalit\u00e9 et de couleur. De plus, certaines localit\u00e9s organisent des \u00e9v\u00e9nements culturels et gastronomiques qui mettent en valeur les fruits de cette r\u00e9gion g\u00e9n\u00e9reuse.<\/p>\n<p>&nbsp;<\/p>\n<p style=\"text-align: justify;\">C\u2019est une occasion unique pour les habitants et les visiteurs de s\u2019immerger dans la richesse naturelle d\u2019El Segri\u00e0, en profitant de la beaut\u00e9 \u00e9ph\u00e9m\u00e8re, mais \u00e9blouissante de la floraison.<\/p>\n<p>[\/vc_column_text][vc_empty_space height=\u00a0\u00bb23px\u00a0\u00bb][\/vc_column][vc_column width=\u00a0\u00bb1\/6&Prime;][\/vc_column][\/vc_row][vc_row css_animation=\u00a0\u00bb\u00a0\u00bb row_type=\u00a0\u00bbrow\u00a0\u00bb use_row_as_full_screen_section=\u00a0\u00bbno\u00a0\u00bb type=\u00a0\u00bbfull_width\u00a0\u00bb angled_section=\u00a0\u00bbno\u00a0\u00bb text_align=\u00a0\u00bbcenter\u00a0\u00bb background_image_as_pattern=\u00a0\u00bbwithout_pattern\u00a0\u00bb z_index=\u00a0\u00bb\u00a0\u00bb][vc_column width=\u00a0\u00bb1\/6&Prime;][\/vc_column][vc_column width=\u00a0\u00bb2\/3&Prime;][vc_separator type=\u00a0\u00bbnormal\u00a0\u00bb color=\u00a0\u00bb#000000&Prime;][vc_empty_space height=\u00a0\u00bb46px\u00a0\u00bb][vc_column_text]<\/p>\n<h3 style=\"text-align: center;\">Pour en savoir plus, cliquer sur le bouton<\/h3>\n<p>[\/vc_column_text][vc_empty_space height=\u00a0\u00bb46px\u00a0\u00bb]<a  itemprop=\"url\" href=\"https:\/\/www.segria.cat\/floracio\" target=\"_blank\"  class=\"qbutton  center enlarge\" style=\"\">+ info<\/a>[vc_empty_space height=\u00a0\u00bb46px\u00a0\u00bb][vc_separator type=\u00a0\u00bbnormal\u00a0\u00bb color=\u00a0\u00bb#000000&Prime;][vc_empty_space height=\u00a0\u00bb46px\u00a0\u00bb][vc_gallery type=\u00a0\u00bbimage_grid\u00a0\u00bb images=\u00a0\u00bb2517,2588,2589,2590,2591,2592,2593,2594,2595,2596,2597,2598,2599,2600,2601,2602&Prime; img_size=\u00a0\u00bb200&#215;200&Prime; css_animation=\u00a0\u00bbfadeIn\u00a0\u00bb column_number=\u00a0\u00bb3&Prime; grayscale=\u00a0\u00bbno\u00a0\u00bb images_space=\u00a0\u00bbgallery_without_space\u00a0\u00bb][vc_empty_space height=\u00a0\u00bb60px\u00a0\u00bb][\/vc_column][vc_column width=\u00a0\u00bb1\/6&Prime;][\/vc_column][\/vc_row]<\/p>\n<\/section>","protected":false},"excerpt":{"rendered":"<p>[vc_row css_animation=\u00a0\u00bb\u00a0\u00bb row_type=\u00a0\u00bbrow\u00a0\u00bb use_row_as_full_screen_section=\u00a0\u00bbno\u00a0\u00bb type=\u00a0\u00bbfull_width\u00a0\u00bb angled_section=\u00a0\u00bbno\u00a0\u00bb text_align=\u00a0\u00bbcenter\u00a0\u00bb background_image_as_pattern=\u00a0\u00bbwithout_pattern\u00a0\u00bb z_index=\u00a0\u00bb\u00a0\u00bb][vc_column width=\u00a0\u00bb1\/6&Prime;][\/vc_column][vc_column width=\u00a0\u00bb2\/3&Prime;][vc_column_text] El Segri\u00e0 Des champs en fleurs [\/vc_column_text][vc_empty_space height=\u00a0\u00bb46px\u00a0\u00bb][vc_column_text] L\u2019explosion de couleurs qu\u2019apporte la floraison des champs d\u2019arbres fruitiers dans El Segri\u00e0, Terres de Lleida, est un spectacle impressionnant qui transforme la r\u00e9gion en une&#8230;<\/p>\n","protected":false},"author":3,"featured_media":0,"parent":0,"menu_order":0,"comment_status":"closed","ping_status":"closed","template":"","meta":{"_monsterinsights_skip_tracking":false,"_monsterinsights_sitenote_active":false,"_monsterinsights_sitenote_note":"","_monsterinsights_sitenote_category":0,"footnotes":""},"class_list":["post-2516","page","type-page","status-publish","hentry"],"_links":{"self":[{"href":"https:\/\/lafloracio.cat\/fr\/wp-json\/wp\/v2\/pages\/2516","targetHints":{"allow":["GET"]}}],"collection":[{"href":"https:\/\/lafloracio.cat\/fr\/wp-json\/wp\/v2\/pages"}],"about":[{"href":"https:\/\/lafloracio.cat\/fr\/wp-json\/wp\/v2\/types\/page"}],"author":[{"embeddable":true,"href":"https:\/\/lafloracio.cat\/fr\/wp-json\/wp\/v2\/users\/3"}],"replies":[{"embeddable":true,"href":"https:\/\/lafloracio.cat\/fr\/wp-json\/wp\/v2\/comments?post=2516"}],"version-history":[{"count":4,"href":"https:\/\/lafloracio.cat\/fr\/wp-json\/wp\/v2\/pages\/2516\/revisions"}],"predecessor-version":[{"id":3500,"href":"https:\/\/lafloracio.cat\/fr\/wp-json\/wp\/v2\/pages\/2516\/revisions\/3500"}],"wp:attachment":[{"href":"https:\/\/lafloracio.cat\/fr\/wp-json\/wp\/v2\/media?parent=2516"}],"curies":[{"name":"wp","href":"https:\/\/api.w.org\/{rel}","templated":true}]}}