{"id":2512,"date":"2024-02-26T17:30:33","date_gmt":"2024-02-26T16:30:33","guid":{"rendered":"https:\/\/lafloracio.cat\/urgell\/"},"modified":"2026-02-22T14:34:05","modified_gmt":"2026-02-22T13:34:05","slug":"urgell","status":"publish","type":"page","link":"https:\/\/lafloracio.cat\/fr\/urgell\/","title":{"rendered":"L&rsquo;Urgell"},"content":{"rendered":"<section class=\"wpb-content-wrapper\"><p>[vc_row css_animation=\u00a0\u00bb\u00a0\u00bb row_type=\u00a0\u00bbrow\u00a0\u00bb use_row_as_full_screen_section=\u00a0\u00bbno\u00a0\u00bb type=\u00a0\u00bbfull_width\u00a0\u00bb angled_section=\u00a0\u00bbno\u00a0\u00bb text_align=\u00a0\u00bbcenter\u00a0\u00bb background_image_as_pattern=\u00a0\u00bbwithout_pattern\u00a0\u00bb z_index=\u00a0\u00bb\u00a0\u00bb][vc_column width=\u00a0\u00bb1\/6&Prime;][\/vc_column][vc_column width=\u00a0\u00bb2\/3&Prime;][vc_column_text]<\/p>\n<h1 style=\"text-align: center;\">L&rsquo;Urgell<\/h1>\n<h3 style=\"text-align: center;\">Une balade entre les amandiers et les arbres fruitiers<\/h3>\n<p>[\/vc_column_text][vc_empty_space height=\u00a0\u00bb46px\u00a0\u00bb][vc_column_text]<\/p>\n<h3 data-pm-slice=\"1 1 []\">Une balade entre les amandiers<\/h3>\n<p>&nbsp;<\/p>\n<p style=\"text-align: justify;\" data-pm-slice=\"1 1 []\">La floraison des amandiers dans les champs de L\u2019Urgell, dans les Terres de Lleida, transforme cette r\u00e9gion en un spectacle enchanteur durant le printemps. Les champs deviennent une mer blanche et rose, avec les amandiers d\u00e9ployant une floraison splendide qui emplit l\u2019air d\u2019une fragrance d\u00e9licate. L\u2019Urgell, connu pour sa riche tradition agricole, rev\u00eat ses plus beaux atours pour c\u00e9l\u00e9brer ce ph\u00e9nom\u00e8ne \u00e9ph\u00e9m\u00e8re.<\/p>\n<p>&nbsp;<\/p>\n<p style=\"text-align: justify;\">Le d\u00e9partement de Tourisme du Conseil r\u00e9gional de L\u2019Urgell a choisi Vilagrassa pour organiser des promenades guid\u00e9es parmi les amandiers en fleurs et ainsi permettre aux visiteurs de s\u2019immerger dans ce spectacle naturel, en combinaison avec un podcast en direct.<\/p>\n<p>&nbsp;<\/p>\n<p style=\"text-align: justify;\">Cette f\u00eate de la floraison des amandiers dans L\u2019Urgell ne met pas seulement en valeur la beaut\u00e9 \u00e9ph\u00e9m\u00e8re de la nature, mais renforce aussi les liens entre la communaut\u00e9 et ses racines traditionnelles. C\u2019est une occasion unique d\u2019exp\u00e9rimenter la s\u00e9r\u00e9nit\u00e9 et la majest\u00e9 de cet \u00e9v\u00e9nement printanier dans les Terres de Lleida.<\/p>\n<p>&nbsp;<\/p>\n<p style=\"text-align: justify;\">Dans L\u2019Urgell, des visites et activit\u00e9s dans les champs d\u2019amandiers en fleurs sont \u00e9galement organis\u00e9es au Mas de Colom-Casa Borges de T\u00e0rrega et l\u2019activit\u00e9 Tastasons Floraci\u00f3 \u00e0 Preixana.<\/p>\n<h3 data-pm-slice=\"1 1 []\"><\/h3>\n<p>&nbsp;<\/p>\n<h3>Une balade entre les amandiers<\/h3>\n<p>&nbsp;<\/p>\n<p style=\"text-align: justify;\" data-pm-slice=\"1 1 []\">La floraison des arbres fruitiers, au mois d\u2019avril, est un authentique spectacle chromatique et le d\u00e9partement de Tourisme organise des visites guid\u00e9es et un podcast en direct dans les champs de poiriers et de pommiers en fleurs, sur la commune de Tornabous. Une belle occasion de se connecter avec la nature et le paysage, en valorisant le travail des paysans et des paysannes qui prennent soin de la terre, des arbres et des produits de proximit\u00e9.<\/p>\n<p>[\/vc_column_text][vc_empty_space height=\u00a0\u00bb23px\u00a0\u00bb][\/vc_column][vc_column width=\u00a0\u00bb1\/6&Prime;][\/vc_column][\/vc_row][vc_row css_animation=\u00a0\u00bb\u00a0\u00bb row_type=\u00a0\u00bbrow\u00a0\u00bb use_row_as_full_screen_section=\u00a0\u00bbno\u00a0\u00bb type=\u00a0\u00bbfull_width\u00a0\u00bb angled_section=\u00a0\u00bbno\u00a0\u00bb text_align=\u00a0\u00bbcenter\u00a0\u00bb background_image_as_pattern=\u00a0\u00bbwithout_pattern\u00a0\u00bb z_index=\u00a0\u00bb\u00a0\u00bb][vc_column width=\u00a0\u00bb1\/6&Prime;][\/vc_column][vc_column width=\u00a0\u00bb2\/3&Prime;][vc_separator type=\u00a0\u00bbnormal\u00a0\u00bb color=\u00a0\u00bb#000000&Prime;][vc_empty_space height=\u00a0\u00bb46px\u00a0\u00bb][vc_column_text]<\/p>\n<h3 style=\"text-align: center;\">Pour en savoir plus, cliquer sur le bouton<\/h3>\n<p>[\/vc_column_text][vc_empty_space height=\u00a0\u00bb46px\u00a0\u00bb]<a  itemprop=\"url\" href=\"https:\/\/www.turismeurgell.cat\/floracio\" target=\"_blank\"  class=\"qbutton  center enlarge\" style=\"\">+ info<\/a>[vc_empty_space height=\u00a0\u00bb46px\u00a0\u00bb][vc_separator type=\u00a0\u00bbnormal\u00a0\u00bb color=\u00a0\u00bb#000000&Prime;][vc_empty_space height=\u00a0\u00bb46px\u00a0\u00bb][vc_gallery type=\u00a0\u00bbimage_grid\u00a0\u00bb images=\u00a0\u00bb2566,2567,2569,2544,2565,2568,2543,2542,2541,2563,2564,2570&Prime; img_size=\u00a0\u00bb200&#215;200&Prime; css_animation=\u00a0\u00bbfadeIn\u00a0\u00bb column_number=\u00a0\u00bb3&Prime; grayscale=\u00a0\u00bbno\u00a0\u00bb images_space=\u00a0\u00bbgallery_without_space\u00a0\u00bb][vc_empty_space height=\u00a0\u00bb60px\u00a0\u00bb][\/vc_column][vc_column width=\u00a0\u00bb1\/6&Prime;][\/vc_column][\/vc_row]<\/p>\n<\/section>","protected":false},"excerpt":{"rendered":"<p>[vc_row css_animation=\u00a0\u00bb\u00a0\u00bb row_type=\u00a0\u00bbrow\u00a0\u00bb use_row_as_full_screen_section=\u00a0\u00bbno\u00a0\u00bb type=\u00a0\u00bbfull_width\u00a0\u00bb angled_section=\u00a0\u00bbno\u00a0\u00bb text_align=\u00a0\u00bbcenter\u00a0\u00bb background_image_as_pattern=\u00a0\u00bbwithout_pattern\u00a0\u00bb z_index=\u00a0\u00bb\u00a0\u00bb][vc_column width=\u00a0\u00bb1\/6&Prime;][\/vc_column][vc_column width=\u00a0\u00bb2\/3&Prime;][vc_column_text] L&rsquo;Urgell Une balade entre les amandiers et les arbres fruitiers [\/vc_column_text][vc_empty_space height=\u00a0\u00bb46px\u00a0\u00bb][vc_column_text] Une balade entre les amandiers &nbsp; La floraison des amandiers dans les champs de L\u2019Urgell, dans les Terres de Lleida, transforme cette&#8230;<\/p>\n","protected":false},"author":3,"featured_media":0,"parent":0,"menu_order":0,"comment_status":"closed","ping_status":"closed","template":"","meta":{"_monsterinsights_skip_tracking":false,"_monsterinsights_sitenote_active":false,"_monsterinsights_sitenote_note":"","_monsterinsights_sitenote_category":0,"footnotes":""},"class_list":["post-2512","page","type-page","status-publish","hentry"],"_links":{"self":[{"href":"https:\/\/lafloracio.cat\/fr\/wp-json\/wp\/v2\/pages\/2512","targetHints":{"allow":["GET"]}}],"collection":[{"href":"https:\/\/lafloracio.cat\/fr\/wp-json\/wp\/v2\/pages"}],"about":[{"href":"https:\/\/lafloracio.cat\/fr\/wp-json\/wp\/v2\/types\/page"}],"author":[{"embeddable":true,"href":"https:\/\/lafloracio.cat\/fr\/wp-json\/wp\/v2\/users\/3"}],"replies":[{"embeddable":true,"href":"https:\/\/lafloracio.cat\/fr\/wp-json\/wp\/v2\/comments?post=2512"}],"version-history":[{"count":5,"href":"https:\/\/lafloracio.cat\/fr\/wp-json\/wp\/v2\/pages\/2512\/revisions"}],"predecessor-version":[{"id":3505,"href":"https:\/\/lafloracio.cat\/fr\/wp-json\/wp\/v2\/pages\/2512\/revisions\/3505"}],"wp:attachment":[{"href":"https:\/\/lafloracio.cat\/fr\/wp-json\/wp\/v2\/media?parent=2512"}],"curies":[{"name":"wp","href":"https:\/\/api.w.org\/{rel}","templated":true}]}}