{"id":891,"date":"2020-03-02T09:25:24","date_gmt":"2020-03-02T08:25:24","guid":{"rendered":"https:\/\/www.lafloracio.cat\/cookie-policy\/"},"modified":"2020-03-02T12:36:02","modified_gmt":"2020-03-02T11:36:02","slug":"politica-de-cookies","status":"publish","type":"page","link":"https:\/\/lafloracio.cat\/es\/politica-de-cookies\/","title":{"rendered":"Pol\u00edtica de cookies"},"content":{"rendered":"<div class=\"mes_estret\">\n<h1>Pol\u00edtica de cookies<\/h1>\n<p>\u00a0<\/p>\n<p>Esta Pol\u00edtica de Cookies es de aplicaci\u00f3n a la navegaci\u00f3n por el sitio web www.la floracio.cat, propiedad del PATRONATO DE TURISMO DE LLEIDA, con domicilio en Rambla de Ferran, 18, 25007 Lleida, y direcci\u00f3n de correo electr\u00f3nico info@aralleida.cat ).<\/p>\n<p>\u00a0<\/p>\n<p><strong>\u00bfQu\u00e9 es una cookie?<\/strong><br \/>Una cookie es un archivo que contiene peque\u00f1as cantidades de informaci\u00f3n, y que se descarga en su equipo (ordenador o dispositivo m\u00f3vil) cuando visita nuestra Web. Entre otros fines, las cookies pueden recoger y almacenar informaci\u00f3n sobre sus h\u00e1bitos de navegaci\u00f3n y, en este sentido, facilitar su navegaci\u00f3n por la web.<br \/>Las cookies pueden ser propias (gestionadas exclusivamente para pies) o de terceros (establecidas por un dominio diferente de nuestro Web).<\/p>\n<p>\u00a0<\/p>\n<p><strong>Tipo de cookies seg\u00fan su finalidad<\/strong><br \/>Las cookies pueden ser propias o de terceros, y pueden tener las siguientes finalidades:<br \/>\u00b7\u00a0 Cookies t\u00e9cnicas: Permiten la correcta navegaci\u00f3n por la Web.<br \/>\u00b7\u00a0 Cookies de personalizaci\u00f3n: Permiten al usuario acceder a la Web con algunas.<br \/>caracter\u00edsticas generales predefinidas como, por ejemplo, el idioma o el tipo de navegador.<br \/>\u00b7\u00a0 Cookies de an\u00e1lisis: Permiten el seguimiento y an\u00e1lisis del comportamiento de los usuarios de la Web.<br \/>\u00b7\u00a0 Cookies de publicidad: Permiten la gesti\u00f3n de espacios publicitarios.<br \/>\u00b7 Cookies de publicidad comportamental: Almacenan informaci\u00f3n del comportamiento de los usuarios obtenida a trav\u00e9s de los h\u00e1bitos de navegaci\u00f3n, y desarrollan un perfil espec\u00edfico para mostrar publicidad en funci\u00f3n del mismo.<br \/>\u00b7 Cookies de redes sociales externas: Se utilizan para que los visitantes puedan interactuar con el contenido de diferentes plataformas sociales (Facebook, YouTube, etc).<\/p>\n<p>\u00a0<\/p>\n<p><strong>\u00bfQu\u00e9 tipo de cookies utiliza nuestra Web?<\/strong><br \/>Actualmente, la Web de pies utiliza las siguientes cookies:<\/p>\n<p>\u00a0<\/p>\n<p><strong>COOKIES PROPIAS<\/strong><br \/>\u00b7 Cookies de personalizaci\u00f3n del idioma, que permiten establecer y mantener el idioma escogido<br \/>por el usuario cuando visita la Web.<br \/>\u00b7 Cookies t\u00e9cnicas, que permiten gestionar la correcta navegaci\u00f3n por la Web, identificando<br \/>la sesi\u00f3n del usuario y proteger su uso.<\/p>\n<p>\u00a0<\/p>\n<p><strong>COOKIES DE TERCEROS<\/strong><br \/>\u00b7 Cookies de Google Analytics<br \/>La Web de pies utiliza Google Analytics, una herramienta de la web de Google que permite obtener informaci\u00f3n sobre c\u00f3mo interact\u00faan los usuarios de nuestra Web. Asimismo, habilita cookies en el dominio del lugar donde se encuentra el usuario y las utiliza para recopilar informaci\u00f3n de forma an\u00f3nima y elaborar informes de tendencias sin identificar a los usuarios. Esta informaci\u00f3n es enviada fuera de la Uni\u00f3n Europea.<\/p>\n<p>Para m\u00e1s informaci\u00f3n sobre las cookies de Google Analytics puede consultar el siguiente enlace:\u00a0<a href=\"https:\/\/developers.google.com\/analytics\/devguides\/collection\/analyticsjs\/cookie-usage?hl=es\" target=\"_blank\" rel=\"noopener noreferrer\">https:\/\/developers.google.com\/analytics\/devguides\/collection\/analyticsjs\/cookie-usage?hl=es<\/a><br \/>\u00b7 Cookies de Google Plus<br \/>La Web utiliza Google Plus, una herramienta de la web de Google que proporciona botones y otras funcionalidades que permiten compartir enlaces en la Web. Esta informaci\u00f3n es enviada fuera de la Uni\u00f3n Europea. Para m\u00e1s informaci\u00f3n sobre las cookies de Google Plus puede consultar el siguiente enlace:\u00a0<a href=\"https:\/\/policies.google.com\/privacy?hl=es\" target=\"_blank\" rel=\"noopener noreferrer\">https:\/\/policies.google.com\/privacy?hl=es<\/a><br \/>\u00b7 Cookies de Facebook<br \/>Facebook proporciona botones y otras funcionalidades para compartir enlaces en nuestro Web al perfil del usuario. Esta informaci\u00f3n es enviada fuera de la Uni\u00f3n Europea. Para m\u00e1s informaci\u00f3n sobre las Cookies de Facebook puede consultar el siguiente enlace:\u00a0<a href=\"https:\/\/www.facebook.com\/policies\/cookies\/\" target=\"_blank\" rel=\"noopener noreferrer\">https:\/\/www.facebook.com\/policies\/cookies\/<\/a><br \/>\u00b7 Cookies de Twitter<br \/>Twitter proporciona botones y otras funcionalidades para compartir enlaces en nuestro Web al perfil del usuario. Esta informaci\u00f3n es enviada fuera de la Uni\u00f3n Europea. Para m\u00e1s informaci\u00f3n sobre las Cookies de Twitter puede consultar el siguiente enlace:\u00a0<a href=\"https:\/\/help.twitter.com\/es\/rules-and-policies\/twittercookies\" target=\"_blank\" rel=\"noopener noreferrer\">https:\/\/help.twitter.com\/es\/rules-and-policies\/twittercookies<\/a><br \/>\u00b7 Cookies de Linkedin<br \/>Linkedin proporciona botones y otras funcionalidades para compartir enlaces en nuestro Web al perfil del usuario. Esta informaci\u00f3n es enviada fuera de la Uni\u00f3n Europea. Para m\u00e1s informaci\u00f3n sobre las Cookies de Linkedin puede consultar el siguiente enlace:\u00a0<a href=\"https:\/\/www.linkedin.com\/legal\/cookie-policy\" target=\"_blank\" rel=\"noopener noreferrer\">https:\/\/www.linkedin.com\/legal\/cookie-policy<\/a><br \/>\u00b7 Cookies de Pinterest<br \/>Pinterest proporciona botones y otras funcionalidades para compartir enlaces en nuestro Web al perfil del usuario. Esta informaci\u00f3n es enviada fuera de la Uni\u00f3n Europea. Para m\u00e1s informaci\u00f3n sobre las Cookies de Pinterest puede consultar el siguiente enlace:<a href=\"https:\/\/policy.pinterest.com\/es\/cookies\" target=\"_blank\" rel=\"noopener noreferrer\">\u00a0https:\/\/policy.pinterest.com\/es\/cookies<\/a><\/p>\n<p>Si en un futuro utilizamos otros tipos de cookies con el prop\u00f3sito de otorgar m\u00e1s y mejores servicios, se informar\u00e1 debidamente al usuario.<\/p>\n<p>\u00a0<\/p>\n<p><strong>Consentimiento y configuraci\u00f3n<\/strong><br \/>Pulsando el bot\u00f3n \u201cACEPTAR\u201d usted da su consentimiento al uso de las cookies antes mencionadas.<\/p>\n<p>Estas cookies no son necesarias para el uso de nuestra web y, por tanto, las puede bloquear o deshabilitar a trav\u00e9s de la configuraci\u00f3n de su navegador. A continuaci\u00f3n le facilitamos los enlaces de diferentes navegadores a trav\u00e9s de los cuales podr\u00e1 realizar esta configuraci\u00f3n:<\/p>\n<p>Firefox:\u00a0<a href=\"https:\/\/support.mozilla.org\/es\/kb\/habilitar-y-deshabilitar-cookies-sitios-web-rastrea\" target=\"_blank\" rel=\"noopener noreferrer\">https:\/\/support.mozilla.org\/es\/kb\/habilitar-y-deshabilitar-cookies-sitios-web-rastrea<br \/><\/a>Chrome:<a href=\"https:\/\/support.google.com\/chrome\/answer\/95647?co=GENIE.Platform%3DDesktop&amp;hl=es\" target=\"_blank\" rel=\"noopener noreferrer\">https:\/\/support.google.com\/chrome\/answer\/95647?co=GENIE.Platform%3DDesktop&amp;amp;hl=es<\/a><a href=\"https:\/\/support.mozilla.org\/es\/kb\/habilitar-y-deshabilitar-cookies-sitios-web-rastrea\" target=\"_blank\" rel=\"noopener noreferrer\"><br \/><\/a>Explorer:\u00a0<a href=\"https:\/\/support.microsoft.com\/es-es\/help\/17442\/windows-internet-explorer-delete-manage-cookies\" target=\"_blank\" rel=\"noopener noreferrer\">https:\/\/support.microsoft.com\/es-es\/help\/17442\/windows-internet-explorer-delete-manage-cookies<\/a><a href=\"https:\/\/support.mozilla.org\/es\/kb\/habilitar-y-deshabilitar-cookies-sitios-web-rastrea\" target=\"_blank\" rel=\"noopener noreferrer\"><br \/><\/a>Safari:\u00a0<a href=\"https:\/\/support.apple.com\/es-es\/guide\/safari\/sfri11471\/mac\" target=\"_blank\" rel=\"noopener noreferrer\">https:\/\/support.apple.com\/es-es\/guide\/safari\/sfri11471\/mac<br \/><\/a>Opera:\u00a0<a href=\"https:\/\/help.opera.com\/en\/latest\/web-preferences\/#cookies\" target=\"_blank\" rel=\"noopener noreferrer\">https:\/\/help.opera.com\/en\/latest\/web-preferences\/#cookies<\/a><\/p>\n<\/div>\n\n\n<p><\/p>\n","protected":false},"excerpt":{"rendered":"<p>Pol\u00edtica de cookies \u00a0 Esta Pol\u00edtica de Cookies es de aplicaci\u00f3n a la navegaci\u00f3n por el sitio web www.la floracio.cat, propiedad del PATRONATO DE TURISMO DE LLEIDA, con domicilio en Rambla de Ferran, 18, 25007 Lleida, y direcci\u00f3n de correo electr\u00f3nico info@aralleida.cat ). \u00a0 \u00bfQu\u00e9&#8230;<\/p>\n","protected":false},"author":1,"featured_media":0,"parent":0,"menu_order":0,"comment_status":"closed","ping_status":"closed","template":"","meta":{"_monsterinsights_skip_tracking":false,"_monsterinsights_sitenote_active":false,"_monsterinsights_sitenote_note":"","_monsterinsights_sitenote_category":0,"footnotes":""},"class_list":["post-891","page","type-page","status-publish","hentry"],"_links":{"self":[{"href":"https:\/\/lafloracio.cat\/es\/wp-json\/wp\/v2\/pages\/891","targetHints":{"allow":["GET"]}}],"collection":[{"href":"https:\/\/lafloracio.cat\/es\/wp-json\/wp\/v2\/pages"}],"about":[{"href":"https:\/\/lafloracio.cat\/es\/wp-json\/wp\/v2\/types\/page"}],"author":[{"embeddable":true,"href":"https:\/\/lafloracio.cat\/es\/wp-json\/wp\/v2\/users\/1"}],"replies":[{"embeddable":true,"href":"https:\/\/lafloracio.cat\/es\/wp-json\/wp\/v2\/comments?post=891"}],"version-history":[{"count":0,"href":"https:\/\/lafloracio.cat\/es\/wp-json\/wp\/v2\/pages\/891\/revisions"}],"wp:attachment":[{"href":"https:\/\/lafloracio.cat\/es\/wp-json\/wp\/v2\/media?parent=891"}],"curies":[{"name":"wp","href":"https:\/\/api.w.org\/{rel}","templated":true}]}}