{"id":817,"date":"2020-02-25T19:32:03","date_gmt":"2020-02-25T17:32:03","guid":{"rendered":"https:\/\/www.lafloracio.cat\/avis-legal\/"},"modified":"2020-03-02T16:43:31","modified_gmt":"2020-03-02T15:43:31","slug":"aviso-legal","status":"publish","type":"page","link":"https:\/\/lafloracio.cat\/es\/aviso-legal\/","title":{"rendered":"Aviso legal"},"content":{"rendered":"<section class=\"wpb-content-wrapper\"><p>[vc_row css_animation=\u00bb\u00bb row_type=\u00bbrow\u00bb use_row_as_full_screen_section=\u00bbno\u00bb type=\u00bbfull_width\u00bb angled_section=\u00bbno\u00bb text_align=\u00bbcenter\u00bb background_image_as_pattern=\u00bbwithout_pattern\u00bb css=\u00bb.vc_custom_1468932802545{padding-top: 108px !important;padding-bottom: 140px !important;}\u00bb][vc_column width=\u00bb1\/6&#8243; offset=\u00bbvc_col-lg-offset-2 vc_col-lg-8 vc_col-md-offset-1 vc_col-md-10&#8243;][vc_empty_space height=\u00bb120px\u00bb][vc_column_text]<img loading=\"lazy\" decoding=\"async\" class=\"wp-image-450 alignright\" src=\"https:\/\/lafloracio.cat\/wp-content\/uploads\/2020\/02\/Logo_Ara_Lleida_verde-300x114.png\" alt=\"\" width=\"225\" height=\"75\" \/>[\/vc_column_text][vc_empty_space height=\u00bb120px\u00bb][vc_empty_space height=\u00bb46px\u00bb][vc_column_text]<\/p>\n<h4 style=\"text-align: left;\">AV\u00cdS LEGAL<\/h4>\n<p>[\/vc_column_text][vc_empty_space height=\u00bb46px\u00bb][vc_column_text]<\/p>\n<p style=\"text-align: left;\">El Patronato de Turismo de la Diputaci\u00f3n de Lleida ofrece esta web para facilitar a los usuarios el acceso a la informaci\u00f3n de la que dispone. El usuario podr\u00e1 libremente -s\u00f3lo para su uso personal- copiar en su ordenador las p\u00e1ginas o pantallas a las que puede acceder u obtener una copia impresa. No se permite la reproducci\u00f3n, plagio o publicaci\u00f3n de la totalidad o parte de los contenidos sin la autorizaci\u00f3n expresa de su titular. Quien, sin autorizaci\u00f3n, reproduzca, plagie o publique el contenido de esta web, incurrir\u00e1 en un delito penal.<\/p>\n<p style=\"text-align: left;\">El Patronato de Turismo de la Diputaci\u00f3n de Lleida no es responsable de la exactitud y la actualizaci\u00f3n de la informaci\u00f3n que provenga de otras personas f\u00edsicas o jur\u00eddicas, que conste en la p\u00e1gina web o a la que se remita.<\/p>\n<p style=\"text-align: left;\">El Patronato de Turismo de la Diputaci\u00f3n de Lleida se reserva la facultad de efectuar cambios y modificaciones de la informaci\u00f3n de la web en cualquier momento.<\/p>\n<p>&nbsp;<\/p>\n<p style=\"text-align: left;\">Dep\u00f3sito Legal: <strong>LL-234-2001<\/strong><\/p>\n<p>[\/vc_column_text][vc_empty_space height=\u00bb120px\u00bb][\/vc_column][\/vc_row]<\/p>\n<\/section>","protected":false},"excerpt":{"rendered":"<p>[vc_row css_animation=\u00bb\u00bb row_type=\u00bbrow\u00bb use_row_as_full_screen_section=\u00bbno\u00bb type=\u00bbfull_width\u00bb angled_section=\u00bbno\u00bb text_align=\u00bbcenter\u00bb background_image_as_pattern=\u00bbwithout_pattern\u00bb css=\u00bb.vc_custom_1468932802545{padding-top: 108px !important;padding-bottom: 140px !important;}\u00bb][vc_column width=\u00bb1\/6&#8243; offset=\u00bbvc_col-lg-offset-2 vc_col-lg-8 vc_col-md-offset-1 vc_col-md-10&#8243;][vc_empty_space height=\u00bb120px\u00bb][vc_column_text][\/vc_column_text][vc_empty_space height=\u00bb120px\u00bb][vc_empty_space height=\u00bb46px\u00bb][vc_column_text] AV\u00cdS LEGAL [\/vc_column_text][vc_empty_space height=\u00bb46px\u00bb][vc_column_text] El Patronato de Turismo de la Diputaci\u00f3n de Lleida ofrece esta web para facilitar a los usuarios el acceso a&#8230;<\/p>\n","protected":false},"author":1,"featured_media":0,"parent":0,"menu_order":0,"comment_status":"closed","ping_status":"closed","template":"","meta":{"_monsterinsights_skip_tracking":false,"_monsterinsights_sitenote_active":false,"_monsterinsights_sitenote_note":"","_monsterinsights_sitenote_category":0,"footnotes":""},"class_list":["post-817","page","type-page","status-publish","hentry"],"_links":{"self":[{"href":"https:\/\/lafloracio.cat\/es\/wp-json\/wp\/v2\/pages\/817","targetHints":{"allow":["GET"]}}],"collection":[{"href":"https:\/\/lafloracio.cat\/es\/wp-json\/wp\/v2\/pages"}],"about":[{"href":"https:\/\/lafloracio.cat\/es\/wp-json\/wp\/v2\/types\/page"}],"author":[{"embeddable":true,"href":"https:\/\/lafloracio.cat\/es\/wp-json\/wp\/v2\/users\/1"}],"replies":[{"embeddable":true,"href":"https:\/\/lafloracio.cat\/es\/wp-json\/wp\/v2\/comments?post=817"}],"version-history":[{"count":0,"href":"https:\/\/lafloracio.cat\/es\/wp-json\/wp\/v2\/pages\/817\/revisions"}],"wp:attachment":[{"href":"https:\/\/lafloracio.cat\/es\/wp-json\/wp\/v2\/media?parent=817"}],"curies":[{"name":"wp","href":"https:\/\/api.w.org\/{rel}","templated":true}]}}