{"id":1916,"date":"2023-02-24T19:12:33","date_gmt":"2023-02-24T18:12:33","guid":{"rendered":"https:\/\/www.lafloracio.cat\/?page_id=1916"},"modified":"2023-02-24T20:30:03","modified_gmt":"2023-02-24T19:30:03","slug":"torres-de-segre","status":"publish","type":"page","link":"https:\/\/lafloracio.cat\/es\/torres-de-segre\/","title":{"rendered":"Torres de Segre"},"content":{"rendered":"<section class=\"wpb-content-wrapper\"><p>[vc_row css_animation=\u00bb\u00bb row_type=\u00bbrow\u00bb use_row_as_full_screen_section=\u00bbno\u00bb type=\u00bbfull_width\u00bb angled_section=\u00bbno\u00bb text_align=\u00bbleft\u00bb background_image_as_pattern=\u00bbwithout_pattern\u00bb][vc_column width=\u00bb1\/6&#8243;][\/vc_column][vc_column width=\u00bb2\/3&#8243;][vc_column_text]<\/p>\n<h1 style=\"text-align: center;\"><strong>Floraci\u00f3n en Carnaval.<\/strong><\/h1>\n<p>[\/vc_column_text][vc_empty_space height=\u00bb46px\u00bb][vc_column_text]Empezaremos la ruta en coche particular desde el pueblo hasta Carrassumada, con una parada en los campos floridos, al llegar a Carrassumada, visita a la ermita y obra teatralizada, salida hacia Utxesa y visita al embalse y los campos floridos, y para acabar la jornada invitamos a todo el mundo a quedarse en el municipio a disfrutar del Carnaval de Torres de Segre.<\/p>\n<p>&nbsp;<\/p>\n<p><strong>\u00bfD\u00f3nde estamos?<\/strong><\/p>\n<p>En el bajo Segri\u00e0, entre dos espacios naturales, ENP del Aiguabarreig Segre-Cinca y el Embalse de Utxesa.<\/p>\n<p>&nbsp;<\/p>\n<p><strong>\u00bfQu\u00e9 veremos?<\/strong><\/p>\n<p>Los campos florecidos de nectarina y melocot\u00f3n, la Ermita de\u00a0Carrassumada, el monumento del Nunca M\u00e1s, el Punt de Informaci\u00f3n de\u00a0Utxesa\u00a0y parte de la Reserva Natural de\u00a0Utxesa.<\/p>\n<p>&nbsp;<\/p>\n<p><strong>\u00bfQue podemos aprender?<\/strong><\/p>\n<p>De la mano de un t\u00e9cnico agr\u00f3nomo y vecino del pueblo nos explicar\u00e1 en que consiste la Floraci\u00f3n, historia de una Ermita y del monumento del Nunca M\u00e1s que hay tocar y parte de la fauna, flora e historia del embalse de Utxesa.<\/p>\n<p>&nbsp;<\/p>\n<p><strong>Elementos singulares de nuestro patrimonio<\/strong><\/p>\n<p>Podremos visitar tanto patrimonio cultural como hist\u00f3rico.<\/p>\n<p>&nbsp;<\/p>\n<p><strong>Paradas imprescindibles<\/strong><\/p>\n<ul>\n<li>Camps florecidos<\/li>\n<li>Ermita de Carrassumada<\/li>\n<li>Punto de Informaci\u00f3n de\u00a0Utxesa<\/li>\n<\/ul>\n<p>&nbsp;<\/p>\n<p><strong>Distancia:<\/strong> 10,2km.<\/p>\n<p><strong>Duraci\u00f3n de la ruta:<\/strong> 5h<\/p>\n<p><strong>D\u00edas disponibles: <\/strong>4 de marzo.<\/p>\n<p><strong>Horarios: <\/strong>Desde las 9.00h. de la ma\u00f1ana hasta las 14.00h. del mediod\u00eda y por la tarde Carnaval.<\/p>\n<p><strong>Precios<\/strong><\/p>\n<p><strong>5\u20ac<\/strong> por persona.[\/vc_column_text][vc_empty_space height=\u00bb23px\u00bb]<a  itemprop=\"url\" href=\"#\" target=\"_blank\"  class=\"qbutton  center enlarge\" style=\"\">RESERVA<\/a>[vc_empty_space height=\u00bb23px\u00bb][vc_separator type=\u00bbnormal\u00bb color=\u00bb#000000&#8243;][vc_empty_space height=\u00bb23px\u00bb][vc_column_text]<\/p>\n<h1 style=\"text-align: center;\"><strong>Floraci\u00f3n con<\/strong><strong> mascotas.<\/strong><\/h1>\n<p>[\/vc_column_text][vc_empty_space height=\u00bb23px\u00bb][vc_column_text]Empezaremos la ruta desde el antiguo molino, actualmente el Museo de la Evoluci\u00f3n, el cual visitaremos y despu\u00e9s andando con nuestras mascotas hasta Carrassumada con una parada en los campos floridos, al llegar a Carrassumada, visita de la ermita y obra teatralizada, una vez acabada la obra habr\u00e1 un vermut y las protectoras de animales del Segri\u00e0 tendr\u00e1n paraditas.<\/p>\n<p>&nbsp;<\/p>\n<p><strong>\u00bfD\u00f3nde estamos?<\/strong><\/p>\n<p>Al bajo Segri\u00e0, entre dos espacios naturales,\u00a0ENP\u00a0del\u00a0Aiguabarreig\u00a0Segre-Cinca y el Embalse de\u00a0Utxesa.<\/p>\n<p>&nbsp;<\/p>\n<p><strong>\u00bfQu\u00e9 veremos?<\/strong><\/p>\n<p>Los campos floridos de nectarina y melocot\u00f3n, la Ermita de Carrassumada, el monumento del Nunca M\u00e1s y el Museo de la Evoluci\u00f3n.<\/p>\n<p>&nbsp;<\/p>\n<p><strong>\u00bfQu\u00e9 podremos aprender?<\/strong><\/p>\n<p>De la mano de un t\u00e9cnico agr\u00f3nomo y vecino del pueblo, nos explicar\u00e1 en que consiste la Floraci\u00f3n, historia de una Ermita y del monumento del Nunca M\u00e1s que hay tocar, y la historia del Museo de la Evoluci\u00f3n con las piezas que contiene.<\/p>\n<p>&nbsp;<\/p>\n<p><strong>Elementos singulares de nuestro patrimonio<\/strong><\/p>\n<p>Podremos visitar tanto patrimonio cultural como hist\u00f3rico.<\/p>\n<p>&nbsp;<\/p>\n<p><strong>Parades imprescindibles<\/strong><\/p>\n<ul>\n<li>Camps florecidos<\/li>\n<li>Ermita de Carrassumada<\/li>\n<li>Punto de Informaci\u00f3n de\u00a0Utxesa<\/li>\n<\/ul>\n<p>&nbsp;<\/p>\n<p><strong>Distancia:<\/strong> 7,4km.<\/p>\n<p><strong>Duraci\u00f3n de la ruta:<\/strong> 5h<\/p>\n<p><strong>D\u00edas disponibles: <\/strong>5 de marzo.<\/p>\n<p><strong>Horarios:<\/strong>Desde las 9.00h. de la ma\u00f1ana hasta las 14.00h. de mediod\u00eda.<\/p>\n<p><strong>Precios<\/strong><\/p>\n<p><strong>5\u20ac<\/strong> por persona.[\/vc_column_text][vc_empty_space height=\u00bb23px\u00bb]<a  itemprop=\"url\" href=\"#\" target=\"_blank\"  class=\"qbutton  center enlarge\" style=\"\">RESERVA<\/a>[vc_empty_space height=\u00bb23px\u00bb][vc_separator type=\u00bbnormal\u00bb color=\u00bb#000000&#8243;][vc_empty_space height=\u00bb23px\u00bb][vc_column_text]<\/p>\n<h1 style=\"text-align: center;\"><strong>Floraci\u00f3n y<\/strong><strong> los comerciantes del pueblo.<\/strong><\/h1>\n<p>[\/vc_column_text][vc_empty_space height=\u00bb23px\u00bb][vc_column_text]Ruta en coche particular desde El ayuntamiento hasta Utxesa, donde iremos al mirador de las compuertas pasando por los campos floridos y se explicar\u00e1 todo el entorno, tanto del embalse como del Canal de Ser\u00f3s, haremos una parada en los campos floridos y continuaremos hasta Carrassumada,\u00a0 al llegar a Carrassumada, visita de la ermita y obra teatralizada, acabada la obra nos dirigiremos hasta el pueblo donde habr\u00e1 la posibilidad de comer todos juntos en el acontecimiento de las jornadas multiculturales, donde cada comunidad, pa\u00eds o etnia diferente que vive en el pueblo, har\u00e1 una cata gastron\u00f3mica para comer platos t\u00edpicos de sus pa\u00edses, pasando por Catalu\u00f1a, Marruecos, Ruman\u00eda, Polonia, Venezuela y Colombia, entre otros, y por la tarde acabaremos haciendo una visita al Museo de la Evoluci\u00f3n y pasearemos por el pueblo para visitar a los comerciantes del municipio.<\/p>\n<p>&nbsp;<\/p>\n<p><strong>\u00bfD\u00f3nde estamos?<\/strong><\/p>\n<p>Al bajo Segri\u00e0, entre dos espacios naturales,\u00a0ENP\u00a0de lo\u00a0Aiguabarreig\u00a0Segre-Cinca y el Embalse de\u00a0Utxesa.<\/p>\n<p>&nbsp;<\/p>\n<p><strong>\u00bfQu\u00e9 veremos?<\/strong><\/p>\n<p>Los campos florecidos de nectarina y melocot\u00f3n, la Ermita de\u00a0Carrassumada, el monumento del Nunca M\u00e1s y el Museo de la Evoluci\u00f3n y la Reserva Natural de\u00a0Utxesa.<\/p>\n<p>&nbsp;<\/p>\n<p><strong>\u00bfQu\u00e9 podremos aprender?<\/strong><\/p>\n<p>De la mano de un t\u00e9cnico agr\u00f3nomo y vecino del pueblo, nos explicar\u00e1 en que consiste la Floraci\u00f3n, historia de una Ermita y del monumento del Nunca M\u00e1s que hay tocar, la historia del Museo de la Evoluci\u00f3n con las piezas que contiene, e historia de los inicios de la Reserva Natural de Utxesa.<\/p>\n<p>&nbsp;<\/p>\n<p><strong>Elementos singulares de nuestro patrimonio<\/strong><\/p>\n<p>Podremos visitar tanto patrimonio cultural como hist\u00f3rico.<\/p>\n<p>&nbsp;<\/p>\n<p><strong>Paradas imprescindibles<\/strong><\/p>\n<ul>\n<li>Camps florecidos.<\/li>\n<li>Ermita de Carrassumada.<\/li>\n<li>Antiguo Molino y Museo de la Evoluci\u00f3n.<\/li>\n<li>Reserva Natural de\u00a0Utxesa.<\/li>\n<\/ul>\n<p>&nbsp;<\/p>\n<p><strong>Distancia:<\/strong> 10,2km.<\/p>\n<p><strong>Duraci\u00f3n de la ruta:<\/strong> 8h<\/p>\n<p><strong>D\u00edas disponibles: <\/strong>11 de marzo.<\/p>\n<p><strong>Horarios:<\/strong>Desde las 9.00h. de la ma\u00f1ana hasta las 17.00h. de la tarde.<\/p>\n<p><strong>Precios<\/strong><\/p>\n<p><strong>5\u20ac<\/strong> por persona + <strong>10\u20ac<\/strong> de la comida a las jornadas multiculturales.[\/vc_column_text][vc_empty_space height=\u00bb23px\u00bb]<a  itemprop=\"url\" href=\"#\" target=\"_blank\"  class=\"qbutton  center enlarge\" style=\"\">RESERVA<\/a>[vc_empty_space height=\u00bb23px\u00bb][vc_separator type=\u00bbnormal\u00bb color=\u00bb#000000&#8243;][vc_empty_space height=\u00bb23px\u00bb][vc_column_text]<\/p>\n<h1 style=\"text-align: center;\"><strong>Floraci\u00f3n y<\/strong><strong> tractores.<\/strong><\/h1>\n<p>[\/vc_column_text][vc_empty_space height=\u00bb23px\u00bb][vc_column_text]Nos reuniremos en el Pabell\u00f3n del pueblo por un almuerzo solidario y disfrutar de una exposici\u00f3n de tractores y coches antiguos, al acabar haremos una caminata hasta Carrassumada\u00a0\u00a0con una parada en los campos floridos, al llegar a Carrassumada, visita de la ermita y obra teatralizada, parada para comer, tanto de fiambrera o en los restaurantes del pueblo, por la tarde una visita al Museo de la Evoluci\u00f3n.<\/p>\n<p>&nbsp;<\/p>\n<p><strong>\u00bfD\u00f3nde estamos?<\/strong><\/p>\n<p>Al bajo Segri\u00e0, entre dos espacios naturales,\u00a0ENP\u00a0de lo\u00a0Aiguabarreig\u00a0Segre-Cinca y el Embalse de\u00a0Utxesa.<\/p>\n<p>&nbsp;<\/p>\n<p><strong>\u00bfQu\u00e9 veremos?<\/strong><\/p>\n<p>Los campos floridos de nectarina y melocot\u00f3n, la Ermita de Carrassumada, el monumento del Nunca M\u00e1s y el Museo de la Evoluci\u00f3n.<\/p>\n<p>&nbsp;<\/p>\n<p><strong>\u00bfQu\u00e9 podremos aprender?<\/strong><\/p>\n<p>De la mano de un t\u00e9cnico agr\u00f3nomo y vecino del pueblo nos explicar\u00e1 en que consiste la Floraci\u00f3n, historia de una Ermita y del monumento del Nunca M\u00e1s que hay tocar, la historia del Museo de la Evoluci\u00f3n con las piezas que contiene.<\/p>\n<p>&nbsp;<\/p>\n<p><strong>Elementos singulares de nuestro patrimonio<\/strong><\/p>\n<p>Podremos visitar tanto patrimonio cultural como hist\u00f3rico.<\/p>\n<p>&nbsp;<\/p>\n<p><strong>Paradas imprescindibles<\/strong><\/p>\n<ul>\n<li>Camps florecidos<\/li>\n<li>Ermita de Carrassumada<\/li>\n<li>Antiguo Molino y Museo de la Evoluci\u00f3n<\/li>\n<\/ul>\n<p>&nbsp;<\/p>\n<p><strong>Distancia:<\/strong> 7,4km.<\/p>\n<p><strong>Duraci\u00f3n de la ruta:<\/strong> 8h<\/p>\n<p><strong>D\u00edas disponibles: <\/strong>12 de marzo.<\/p>\n<p><strong>Horarios:<\/strong>Desde las 9.00h. de la ma\u00f1ana hasta las 17.00h. de la tarde.<\/p>\n<p><strong>Precios<\/strong><\/p>\n<p>GRATUITO[\/vc_column_text][vc_empty_space height=\u00bb23px\u00bb]<a  itemprop=\"url\" href=\"#\" target=\"_blank\"  class=\"qbutton  center enlarge\" style=\"\">RESERVA<\/a>[vc_empty_space height=\u00bb23px\u00bb][vc_separator type=\u00bbnormal\u00bb color=\u00bb#000000&#8243;][vc_empty_space height=\u00bb23px\u00bb][vc_column_text]<\/p>\n<h1 style=\"text-align: center;\">Cierre de la Floraci\u00f3n con concierto.<\/h1>\n<p>[\/vc_column_text][vc_empty_space height=\u00bb23px\u00bb][vc_column_text]Ruta en coche particular desde El ayuntamiento hasta Carrassumada con una parada en los campos floridos, al llegar a Carrassumada, visita de la ermita y obra teatralizada, salida hacia la Reserva Natural de Utxesa, donde pasearemos y conoceremos m\u00e1s sobre la fauna, flora y la historia de lo entorno, parada para comer, tanto de fiambrera o en los restaurantes del pueblo, por la tarde un concierto de m\u00fasica como cierre de la Floraci\u00f3n por parte de MAHUP PARTY BAND I DJ SURDA.<\/p>\n<p>&nbsp;<\/p>\n<p><strong>\u00bfD\u00f3nde estamos?<\/strong><\/p>\n<p>En el bajo Segri\u00e0, entre dos espacios naturales, ENP de lo Aiguabarreig Segre-Cinca y el Embalse de Utxesa.<\/p>\n<p>&nbsp;<\/p>\n<p><strong>\u00bfQu\u00e9 veremos?<\/strong><\/p>\n<p>Los campos floridos de nectarina y melocot\u00f3n, la Ermita de Carrassumada, el monumento del Nunca M\u00e1s y la Reserva Natural de Utxesa.<\/p>\n<p>&nbsp;<\/p>\n<p><strong>\u00bfQu\u00e9 se puede aprender?<\/strong><\/p>\n<p>De la mano de un t\u00e9cnico agr\u00f3nomo y vecino del pueblo nos explicar\u00e1 en que consiste la Floraci\u00f3n, historia de una Ermita y del monumento del Nunca M\u00e1s que hay tocar, la historia del Museo de la Evoluci\u00f3n con las piezas que contiene.<\/p>\n<p>&nbsp;<\/p>\n<p><strong>Elementos singulares de nuestro patrimonio<\/strong><\/p>\n<p>Podremos visitar tanto patrimonio cultural como hist\u00f3rico y natural.<\/p>\n<p>&nbsp;<\/p>\n<p><strong>Paradas imprescindibles<\/strong><\/p>\n<ul>\n<li>Camps florecidos<\/li>\n<li>Ermita de Carrassumada<\/li>\n<li>Reserva Natural de\u00a0Utxesa<\/li>\n<\/ul>\n<p>&nbsp;<\/p>\n<p><strong>Distancia:<\/strong> 10,2km.<\/p>\n<p><strong>Duraci\u00f3n de la ruta:<\/strong> 10h<\/p>\n<p><strong>D\u00edas disponibles: <\/strong>18 de marzo.<\/p>\n<p><strong>Horarios:<\/strong>Desde las 9.00h. de la ma\u00f1ana hasta las 20.00h. de la tarde.<\/p>\n<p><strong>Precios<\/strong><\/p>\n<p><strong>5\u20ac<\/strong> por persona + entrada al concierto (todav\u00eda precio a determinar)[\/vc_column_text][vc_empty_space height=\u00bb23px\u00bb]<a  itemprop=\"url\" href=\"#\" target=\"_blank\"  class=\"qbutton  center enlarge\" style=\"\">RESERVA<\/a>[vc_empty_space height=\u00bb23px\u00bb][\/vc_column][vc_column width=\u00bb1\/6&#8243;][vc_empty_space height=\u00bb120px\u00bb][vc_column_text]<\/p>\n<h6 style=\"text-align: right;\">AYUNTAMIENTO<\/h6>\n<h6 style=\"text-align: right;\">TORRES DE SEGRE<\/h6>\n<p style=\"text-align: right;\">Plaza Iglesia, s\/n<\/p>\n<p style=\"text-align: right;\">25170 Torres de Segre<\/p>\n<p style=\"text-align: right;\">Lleida<\/p>\n<p>[\/vc_column_text][vc_empty_space height=\u00bb46px\u00bb]<a  itemprop=\"url\" href=\"https:\/\/www.torressegre.cat\/\" target=\"_blank\"  class=\"qbutton  center enlarge\" style=\"\">WEB MUNICIPAL<\/a>[vc_empty_space height=\u00bb46px\u00bb][vc_separator type=\u00bbnormal\u00bb color=\u00bb#000000&#8243;][vc_column_text]<\/p>\n<h5 style=\"text-align: right;\">Tel. 973 796 005<\/h5>\n<h5 style=\"text-align: right;\">Mov. <strong>660 612 615<\/strong><\/h5>\n<p>[\/vc_column_text][vc_empty_space height=\u00bb46px\u00bb][\/vc_column][\/vc_row][vc_row css_animation=\u00bb\u00bb row_type=\u00bbrow\u00bb use_row_as_full_screen_section=\u00bbno\u00bb type=\u00bbfull_width\u00bb angled_section=\u00bbno\u00bb text_align=\u00bbcenter\u00bb background_image_as_pattern=\u00bbwithout_pattern\u00bb z_index=\u00bb\u00bb][vc_column width=\u00bb1\/6&#8243;][\/vc_column][vc_column width=\u00bb2\/3&#8243;][vc_separator type=\u00bbnormal\u00bb color=\u00bb#000000&#8243;][vc_empty_space height=\u00bb46px\u00bb][vc_column_text]<\/p>\n<h3 class=\"p1\" style=\"text-align: center;\"><span class=\"s1\">Si tienes cualquier consulta contacta con nosotros.<\/span><\/h3>\n<p>[\/vc_column_text][vc_empty_space height=\u00bb46px\u00bb]<a  itemprop=\"url\" href=\"https:\/\/lafloracio.cat\/es\/contacta-torres-de-segre\/\" target=\"_self\"  class=\"qbutton  center enlarge\" style=\"\">CONTACTA<\/a>[vc_empty_space height=\u00bb46px\u00bb][vc_separator type=\u00bbnormal\u00bb color=\u00bb#000000&#8243;][vc_empty_space height=\u00bb46px\u00bb][vc_gallery type=\u00bbimage_grid\u00bb images=\u00bb1979,1977,1975,1973,1968,1966,1964,1960,1958&#8243; img_size=\u00bb200&#215;200&#8243; css_animation=\u00bbfadeIn\u00bb column_number=\u00bb3&#8243; grayscale=\u00bbno\u00bb images_space=\u00bbgallery_without_space\u00bb][vc_empty_space height=\u00bb60px\u00bb][\/vc_column][vc_column width=\u00bb1\/6&#8243;][\/vc_column][\/vc_row]<\/p>\n<\/section>","protected":false},"excerpt":{"rendered":"<p>[vc_row css_animation=\u00bb\u00bb row_type=\u00bbrow\u00bb use_row_as_full_screen_section=\u00bbno\u00bb type=\u00bbfull_width\u00bb angled_section=\u00bbno\u00bb text_align=\u00bbleft\u00bb background_image_as_pattern=\u00bbwithout_pattern\u00bb][vc_column width=\u00bb1\/6&#8243;][\/vc_column][vc_column width=\u00bb2\/3&#8243;][vc_column_text] Floraci\u00f3n en Carnaval. [\/vc_column_text][vc_empty_space height=\u00bb46px\u00bb][vc_column_text]Empezaremos la ruta en coche particular desde el pueblo hasta Carrassumada, con una parada en los campos floridos, al llegar a Carrassumada, visita a la ermita y obra teatralizada, salida hacia&#8230;<\/p>\n","protected":false},"author":3,"featured_media":0,"parent":0,"menu_order":0,"comment_status":"closed","ping_status":"closed","template":"","meta":{"_monsterinsights_skip_tracking":false,"_monsterinsights_sitenote_active":false,"_monsterinsights_sitenote_note":"","_monsterinsights_sitenote_category":0,"footnotes":""},"class_list":["post-1916","page","type-page","status-publish","hentry"],"_links":{"self":[{"href":"https:\/\/lafloracio.cat\/es\/wp-json\/wp\/v2\/pages\/1916","targetHints":{"allow":["GET"]}}],"collection":[{"href":"https:\/\/lafloracio.cat\/es\/wp-json\/wp\/v2\/pages"}],"about":[{"href":"https:\/\/lafloracio.cat\/es\/wp-json\/wp\/v2\/types\/page"}],"author":[{"embeddable":true,"href":"https:\/\/lafloracio.cat\/es\/wp-json\/wp\/v2\/users\/3"}],"replies":[{"embeddable":true,"href":"https:\/\/lafloracio.cat\/es\/wp-json\/wp\/v2\/comments?post=1916"}],"version-history":[{"count":4,"href":"https:\/\/lafloracio.cat\/es\/wp-json\/wp\/v2\/pages\/1916\/revisions"}],"predecessor-version":[{"id":1981,"href":"https:\/\/lafloracio.cat\/es\/wp-json\/wp\/v2\/pages\/1916\/revisions\/1981"}],"wp:attachment":[{"href":"https:\/\/lafloracio.cat\/es\/wp-json\/wp\/v2\/media?parent=1916"}],"curies":[{"name":"wp","href":"https:\/\/api.w.org\/{rel}","templated":true}]}}