{"id":1838,"date":"2023-02-24T15:30:11","date_gmt":"2023-02-24T14:30:11","guid":{"rendered":"https:\/\/www.lafloracio.cat\/?page_id=1838"},"modified":"2023-02-24T20:48:02","modified_gmt":"2023-02-24T19:48:02","slug":"alfarras","status":"publish","type":"page","link":"https:\/\/lafloracio.cat\/es\/alfarras\/","title":{"rendered":"Alfarr\u00e0s"},"content":{"rendered":"<section class=\"wpb-content-wrapper\"><p>[vc_row css_animation=\u00bb\u00bb row_type=\u00bbrow\u00bb use_row_as_full_screen_section=\u00bbno\u00bb type=\u00bbfull_width\u00bb angled_section=\u00bbno\u00bb text_align=\u00bbleft\u00bb background_image_as_pattern=\u00bbwithout_pattern\u00bb][vc_column width=\u00bb1\/6&#8243;][\/vc_column][vc_column width=\u00bb2\/3&#8243;][vc_column_text]<\/p>\n<h1 style=\"text-align: center;\"><strong>Visita a la Bodega Lagravera con cata de 4 vinos.<\/strong><\/h1>\n<p>[\/vc_column_text][vc_empty_space height=\u00bb46px\u00bb][vc_column_text]Una visita cl\u00e1sica, donde probaremos juntos cuatro de nuestros vinos y nuestro aceite para la Piel. Adem\u00e1s te ense\u00f1aremos la vi\u00f1a donde empez\u00f3 todo, y nuestra bodega situada en Alfarr\u00e0s.<\/p>\n<div class=\"page\" title=\"Page 2\">\n<div class=\"section\">\n<div class=\"layoutArea\">\n<div class=\"column\">\n<p>&nbsp;<\/p>\n<\/div>\n<\/div>\n<\/div>\n<\/div>\n<p><strong>Distancia: <\/strong>6,4km. de la bodega a la vi\u00f1a (se hacen en coche particular, cada uno con el suyo).<\/p>\n<p><strong>Duraci\u00f3n de la ruta:<\/strong> 2h 30 minutos.<\/p>\n<p><strong>Tama\u00f1o del grupo por ruta:<\/strong> entre 2 &#8211; 20 personas.<\/p>\n<p><strong>D\u00edas disponibles: <\/strong>de martes a s\u00e1bado.<\/p>\n<p><strong>Horarios:<\/strong>\u00a0 11.00h.<\/p>\n<p><strong>Precios<\/strong><\/p>\n<p><strong>20\u20ac<\/strong> por persona (IVA inclu\u00eddo).[\/vc_column_text][vc_empty_space height=\u00bb46px\u00bb][\/vc_column][vc_column width=\u00bb1\/6&#8243;][vc_empty_space height=\u00bb120px\u00bb][vc_column_text]<\/p>\n<h6 style=\"text-align: right;\">AYUNTAMIENTO<\/h6>\n<h6 style=\"text-align: right;\">ALFARR\u00c0S<\/h6>\n<p style=\"text-align: right;\">Av. Catalunya, 16<\/p>\n<p style=\"text-align: right;\">Alfarr\u00e0s \u2013 25120<\/p>\n<p style=\"text-align: right;\">Lleida<\/p>\n<p>[\/vc_column_text][vc_empty_space height=\u00bb23px\u00bb]<a  itemprop=\"url\" href=\"https:\/\/ajuntamentalfarras.cat\/\" target=\"_blank\"  class=\"qbutton  right default\" style=\"\">WEB MUNICIPAL<\/a>[vc_empty_space height=\u00bb15px\u00bb]<a  itemprop=\"url\" href=\"https:\/\/lagravera.com\/\" target=\"_blank\"  class=\"qbutton  right default\" style=\"\">WEB BODEGA<\/a>[vc_empty_space height=\u00bb23px\u00bb][vc_separator type=\u00bbnormal\u00bb color=\u00bb#000000&#8243;][vc_column_text]<\/p>\n<h5 style=\"text-align: right;\">Tel. 973 760 007<\/h5>\n<p>[\/vc_column_text][vc_empty_space height=\u00bb46px\u00bb][\/vc_column][\/vc_row][vc_row css_animation=\u00bb\u00bb row_type=\u00bbrow\u00bb use_row_as_full_screen_section=\u00bbno\u00bb type=\u00bbfull_width\u00bb angled_section=\u00bbno\u00bb text_align=\u00bbcenter\u00bb background_image_as_pattern=\u00bbwithout_pattern\u00bb z_index=\u00bb\u00bb][vc_column width=\u00bb1\/6&#8243;][\/vc_column][vc_column width=\u00bb2\/3&#8243;][vc_separator type=\u00bbnormal\u00bb color=\u00bb#000000&#8243;][vc_empty_space height=\u00bb46px\u00bb][vc_column_text]<\/p>\n<h3 style=\"text-align: center;\">Haz tu reserva<\/h3>\n<p>[\/vc_column_text][vc_empty_space height=\u00bb46px\u00bb]<a  itemprop=\"url\" href=\"https:\/\/shop.lagravera.com\/collections\/tarjetas-de-regalo\/products\/cheque-regalo-visita-de-lagravera-con-cata-de-4-vinos-para-dos-personas?variant=37403564605608\" target=\"_blank\"  class=\"qbutton  center enlarge\" style=\"\">RESERVA<\/a>[vc_empty_space height=\u00bb46px\u00bb][vc_separator type=\u00bbnormal\u00bb color=\u00bb#000000&#8243;][vc_empty_space height=\u00bb46px\u00bb][vc_column_text]<\/p>\n<h3 class=\"p1\" style=\"text-align: center;\"><span class=\"s1\">Si tienes cualquier consulta contacta con nosotros.<\/span><\/h3>\n<p>[\/vc_column_text][vc_empty_space height=\u00bb46px\u00bb]<a  itemprop=\"url\" href=\"https:\/\/lafloracio.cat\/es\/contacta-alfarras\/\" target=\"_self\"  class=\"qbutton  center enlarge\" style=\"\">CONTACTA<\/a>[vc_empty_space height=\u00bb46px\u00bb][vc_separator type=\u00bbnormal\u00bb color=\u00bb#000000&#8243;][vc_empty_space height=\u00bb46px\u00bb][vc_gallery type=\u00bbimage_grid\u00bb images=\u00bb2018,2020,2022,2024,2026,2028,2030&#8243; img_size=\u00bb200&#215;200&#8243; css_animation=\u00bbfadeIn\u00bb column_number=\u00bb3&#8243; grayscale=\u00bbno\u00bb images_space=\u00bbgallery_without_space\u00bb][vc_empty_space height=\u00bb60px\u00bb][\/vc_column][vc_column width=\u00bb1\/6&#8243;][\/vc_column][\/vc_row]<\/p>\n<\/section>","protected":false},"excerpt":{"rendered":"<p>[vc_row css_animation=\u00bb\u00bb row_type=\u00bbrow\u00bb use_row_as_full_screen_section=\u00bbno\u00bb type=\u00bbfull_width\u00bb angled_section=\u00bbno\u00bb text_align=\u00bbleft\u00bb background_image_as_pattern=\u00bbwithout_pattern\u00bb][vc_column width=\u00bb1\/6&#8243;][\/vc_column][vc_column width=\u00bb2\/3&#8243;][vc_column_text] Visita a la Bodega Lagravera con cata de 4 vinos. [\/vc_column_text][vc_empty_space height=\u00bb46px\u00bb][vc_column_text]Una visita cl\u00e1sica, donde probaremos juntos cuatro de nuestros vinos y nuestro aceite para la Piel. Adem\u00e1s te ense\u00f1aremos la vi\u00f1a donde empez\u00f3 todo,&#8230;<\/p>\n","protected":false},"author":3,"featured_media":0,"parent":0,"menu_order":0,"comment_status":"closed","ping_status":"closed","template":"","meta":{"_monsterinsights_skip_tracking":false,"_monsterinsights_sitenote_active":false,"_monsterinsights_sitenote_note":"","_monsterinsights_sitenote_category":0,"footnotes":""},"class_list":["post-1838","page","type-page","status-publish","hentry"],"_links":{"self":[{"href":"https:\/\/lafloracio.cat\/es\/wp-json\/wp\/v2\/pages\/1838","targetHints":{"allow":["GET"]}}],"collection":[{"href":"https:\/\/lafloracio.cat\/es\/wp-json\/wp\/v2\/pages"}],"about":[{"href":"https:\/\/lafloracio.cat\/es\/wp-json\/wp\/v2\/types\/page"}],"author":[{"embeddable":true,"href":"https:\/\/lafloracio.cat\/es\/wp-json\/wp\/v2\/users\/3"}],"replies":[{"embeddable":true,"href":"https:\/\/lafloracio.cat\/es\/wp-json\/wp\/v2\/comments?post=1838"}],"version-history":[{"count":3,"href":"https:\/\/lafloracio.cat\/es\/wp-json\/wp\/v2\/pages\/1838\/revisions"}],"predecessor-version":[{"id":2032,"href":"https:\/\/lafloracio.cat\/es\/wp-json\/wp\/v2\/pages\/1838\/revisions\/2032"}],"wp:attachment":[{"href":"https:\/\/lafloracio.cat\/es\/wp-json\/wp\/v2\/media?parent=1838"}],"curies":[{"name":"wp","href":"https:\/\/api.w.org\/{rel}","templated":true}]}}