{"id":1788,"date":"2023-02-24T15:01:35","date_gmt":"2023-02-24T14:01:35","guid":{"rendered":"https:\/\/www.lafloracio.cat\/?page_id=1788"},"modified":"2023-02-24T20:54:59","modified_gmt":"2023-02-24T19:54:59","slug":"alcoletge","status":"publish","type":"page","link":"https:\/\/lafloracio.cat\/es\/alcoletge\/","title":{"rendered":"Alcoletge"},"content":{"rendered":"<section class=\"wpb-content-wrapper\"><p>[vc_row css_animation=\u00bb\u00bb row_type=\u00bbrow\u00bb use_row_as_full_screen_section=\u00bbno\u00bb type=\u00bbfull_width\u00bb angled_section=\u00bbno\u00bb text_align=\u00bbleft\u00bb background_image_as_pattern=\u00bbwithout_pattern\u00bb][vc_column width=\u00bb1\/6&#8243;][\/vc_column][vc_column width=\u00bb2\/3&#8243;][vc_column_text]<\/p>\n<h1 style=\"text-align: center;\"><strong>Floraci\u00f3n, patrimonio y memoria<\/strong>.<\/h1>\n<p>[\/vc_column_text][vc_empty_space height=\u00bb46px\u00bb][vc_column_text]El punto de encuentro ser\u00e1 la rotonda de entrada del municipio, al lado hay un aparcamiento para coches. Empezamos en un campo de la huerta de Alcoletge donde veremos la floraci\u00f3n de un campo de pera, all\u00ed el campesino nos explicar\u00e1 su trabajo y la evoluci\u00f3n de los \u00e1rboles hasta llegar a la recolecci\u00f3n de los frutos, all\u00ed\u00a0 se ofrecer\u00e1 un peque\u00f1o almuerzo con caf\u00e9, bebida y pastas dulces y saladas; posteriormente iremos con los coches al Tozal de los Muertos (se puede aparcar delante), la t\u00e9cnica de turismo del municipio har\u00e1 una breve explicaci\u00f3n sobre los elementos patrimoniales del mismo, con visita al observatorio republicano (restaurado hace poco).<\/p>\n<p>&nbsp;<\/p>\n<p>Posteriormente iremos en coche a otro aparcamiento cerca del Tozal de la Nuera, all\u00ed visitaremos otro campo de fruta y posteriormente el Tossal de la Nuera, con explicaci\u00f3n de los elementos hist\u00f3ricos y patrimoniales del mismo. En este momento obsequiaremos con un peque\u00f1o lote de productos locales (manzanas y peras).<\/p>\n<p>&nbsp;<\/p>\n<p>Aprenderemos la evoluci\u00f3n de los \u00e1rboles, las t\u00e9cnicas de poda, aclaraci\u00f3n y recolecci\u00f3n de la fruta, concretamente de la pera con explicaciones de campesinos del municipio; Disfrutaremos de la floraci\u00f3n de estos \u00e1rboles y conocimientos parte de los elementos patrimoniales del municipio, con las explicaciones de la t\u00e9cnica de turismo. Tambi\u00e9n se ofrecer\u00e1 la opci\u00f3n de una comida a un restaurante del municipio que ofrecer\u00e1 un men\u00fa con pera y manzana.<\/p>\n<p>&nbsp;<\/p>\n<p><strong>Paradas imprescindibles<\/strong><\/p>\n<div class=\"page\" title=\"Page 2\">\n<div class=\"section\">\n<div class=\"layoutArea\">\n<div class=\"column\">\n<ul>\n<li>Rotonda de la carretera 13-13.<\/li>\n<li>Un campo de la Huerta de Alcoletge que est\u00e1 cerca del lugar de encuentro.<\/li>\n<li>Aparcamiento ante el Tozal de los Muertos.<\/li>\n<li>Tozal de los Muertos.<\/li>\n<li>Aparcamiento junto al Tozal de la Nuera (la del cementerio municipal).<\/li>\n<li>Un campo muy cerca de este aparcamiento.<\/li>\n<li>Tozal de la Nuera.<\/li>\n<\/ul>\n<p>&nbsp;<\/p>\n<\/div>\n<\/div>\n<\/div>\n<\/div>\n<p><strong>Distancia: <\/strong>5 Km.<\/p>\n<p><strong>Duraci\u00f3n de la ruta:<\/strong> 4h.<\/p>\n<p><strong>Tama\u00f1o del grupo por ruta:<\/strong> 30 &#8211; 40 personas.<\/p>\n<p><strong>D\u00edas disponibles: <\/strong>25-26 de marzo.<\/p>\n<p><strong>Horarios:<\/strong>\u00a0 9.30h. a 13.30h.<\/p>\n<p><strong>Precios<\/strong><\/p>\n<p>3\u20ac\u00a0 por persona (IVA inclu\u00eddo).[\/vc_column_text][vc_empty_space height=\u00bb46px\u00bb][\/vc_column][vc_column width=\u00bb1\/6&#8243;][vc_empty_space height=\u00bb120px\u00bb][vc_column_text]<\/p>\n<h6 style=\"text-align: right;\">AYUNTAMIENTO<\/h6>\n<h6 style=\"text-align: right;\">ALCOLETGE<\/h6>\n<p style=\"text-align: right;\">Calle del Sitjar, 2<\/p>\n<p style=\"text-align: right;\">Alcoletge \u2013 25660<\/p>\n<p style=\"text-align: right;\">Lleida<\/p>\n<p>[\/vc_column_text][vc_empty_space height=\u00bb23px\u00bb]<a  itemprop=\"url\" href=\"http:\/\/www.corbins.cat\/\" target=\"_blank\"  class=\"qbutton  right default\" style=\"\">WEB MUNICIPAL<\/a>[vc_empty_space height=\u00bb23px\u00bb][vc_separator type=\u00bbnormal\u00bb color=\u00bb#000000&#8243;][vc_column_text]<\/p>\n<h5 style=\"text-align: right;\">Tel. 973 190 117<\/h5>\n<p>[\/vc_column_text][vc_empty_space height=\u00bb46px\u00bb][\/vc_column][\/vc_row][vc_row css_animation=\u00bb\u00bb row_type=\u00bbrow\u00bb use_row_as_full_screen_section=\u00bbno\u00bb type=\u00bbfull_width\u00bb angled_section=\u00bbno\u00bb text_align=\u00bbcenter\u00bb background_image_as_pattern=\u00bbwithout_pattern\u00bb z_index=\u00bb\u00bb][vc_column width=\u00bb1\/6&#8243;][\/vc_column][vc_column width=\u00bb2\/3&#8243;][vc_separator type=\u00bbnormal\u00bb color=\u00bb#000000&#8243;][vc_empty_space height=\u00bb46px\u00bb][vc_column_text]<\/p>\n<h3 style=\"text-align: center;\">Haz tu reserva<\/h3>\n<p>[\/vc_column_text][vc_empty_space height=\u00bb46px\u00bb]<a  itemprop=\"url\" href=\"https:\/\/lafloracio.cat\/es\/contacta-alcoletge\/\" target=\"_blank\"  class=\"qbutton  center enlarge\" style=\"\">RESERVA<\/a>[vc_empty_space height=\u00bb23px\u00bb][vc_column_text]<\/p>\n<h3 style=\"text-align: center;\">Tambi\u00e9n puedes reservar en el tel\u00e9fono <strong>625 620 143<\/strong><\/h3>\n<p>[\/vc_column_text][vc_empty_space height=\u00bb46px\u00bb][vc_separator type=\u00bbnormal\u00bb color=\u00bb#000000&#8243;][vc_empty_space height=\u00bb46px\u00bb][vc_column_text]<\/p>\n<h3 class=\"p1\" style=\"text-align: center;\"><span class=\"s1\">Si tienes cualquier consulta contacta con nosotros.<\/span><\/h3>\n<p>[\/vc_column_text][vc_empty_space height=\u00bb46px\u00bb]<a  itemprop=\"url\" href=\"https:\/\/lafloracio.cat\/es\/contacta-alcoletge\/\" target=\"_self\"  class=\"qbutton  center enlarge\" style=\"\">CONTACTA<\/a>[vc_empty_space height=\u00bb46px\u00bb][vc_separator type=\u00bbnormal\u00bb color=\u00bb#000000&#8243;][vc_empty_space height=\u00bb46px\u00bb][vc_gallery type=\u00bbimage_grid\u00bb images=\u00bb2041,2039,2037,2035&#8243; img_size=\u00bb200&#215;200&#8243; css_animation=\u00bbfadeIn\u00bb column_number=\u00bb3&#8243; grayscale=\u00bbno\u00bb images_space=\u00bbgallery_without_space\u00bb][vc_empty_space height=\u00bb60px\u00bb][\/vc_column][vc_column width=\u00bb1\/6&#8243;][\/vc_column][\/vc_row]<\/p>\n<\/section>","protected":false},"excerpt":{"rendered":"<p>[vc_row css_animation=\u00bb\u00bb row_type=\u00bbrow\u00bb use_row_as_full_screen_section=\u00bbno\u00bb type=\u00bbfull_width\u00bb angled_section=\u00bbno\u00bb text_align=\u00bbleft\u00bb background_image_as_pattern=\u00bbwithout_pattern\u00bb][vc_column width=\u00bb1\/6&#8243;][\/vc_column][vc_column width=\u00bb2\/3&#8243;][vc_column_text] Floraci\u00f3n, patrimonio y memoria. [\/vc_column_text][vc_empty_space height=\u00bb46px\u00bb][vc_column_text]El punto de encuentro ser\u00e1 la rotonda de entrada del municipio, al lado hay un aparcamiento para coches. Empezamos en un campo de la huerta de Alcoletge donde veremos la&#8230;<\/p>\n","protected":false},"author":3,"featured_media":0,"parent":0,"menu_order":0,"comment_status":"closed","ping_status":"closed","template":"","meta":{"_monsterinsights_skip_tracking":false,"_monsterinsights_sitenote_active":false,"_monsterinsights_sitenote_note":"","_monsterinsights_sitenote_category":0,"footnotes":""},"class_list":["post-1788","page","type-page","status-publish","hentry"],"_links":{"self":[{"href":"https:\/\/lafloracio.cat\/es\/wp-json\/wp\/v2\/pages\/1788","targetHints":{"allow":["GET"]}}],"collection":[{"href":"https:\/\/lafloracio.cat\/es\/wp-json\/wp\/v2\/pages"}],"about":[{"href":"https:\/\/lafloracio.cat\/es\/wp-json\/wp\/v2\/types\/page"}],"author":[{"embeddable":true,"href":"https:\/\/lafloracio.cat\/es\/wp-json\/wp\/v2\/users\/3"}],"replies":[{"embeddable":true,"href":"https:\/\/lafloracio.cat\/es\/wp-json\/wp\/v2\/comments?post=1788"}],"version-history":[{"count":3,"href":"https:\/\/lafloracio.cat\/es\/wp-json\/wp\/v2\/pages\/1788\/revisions"}],"predecessor-version":[{"id":2043,"href":"https:\/\/lafloracio.cat\/es\/wp-json\/wp\/v2\/pages\/1788\/revisions\/2043"}],"wp:attachment":[{"href":"https:\/\/lafloracio.cat\/es\/wp-json\/wp\/v2\/media?parent=1788"}],"curies":[{"name":"wp","href":"https:\/\/api.w.org\/{rel}","templated":true}]}}