{"id":2866,"date":"2020-02-25T19:32:03","date_gmt":"2020-02-25T17:32:03","guid":{"rendered":"https:\/\/lafloracio.cat\/avis-legal\/"},"modified":"2020-02-25T19:32:03","modified_gmt":"2020-02-25T17:32:03","slug":"avis-legal","status":"publish","type":"page","link":"https:\/\/lafloracio.cat\/en\/avis-legal\/","title":{"rendered":"Avis legal"},"content":{"rendered":"<section class=\"wpb-content-wrapper\"><p>[vc_row css_animation=&#8221;&#8221; row_type=&#8221;row&#8221; use_row_as_full_screen_section=&#8221;no&#8221; type=&#8221;full_width&#8221; angled_section=&#8221;no&#8221; text_align=&#8221;center&#8221; background_image_as_pattern=&#8221;without_pattern&#8221; css=&#8221;.vc_custom_1468932802545{padding-top: 108px !important;padding-bottom: 140px !important;}&#8221;][vc_column width=&#8221;1\/6&#8243; offset=&#8221;vc_col-lg-offset-2 vc_col-lg-8 vc_col-md-offset-1 vc_col-md-10&#8243;][vc_empty_space height=&#8221;120px&#8221;][vc_column_text]<img loading=\"lazy\" decoding=\"async\" class=\"wp-image-450 alignright\" src=\"https:\/\/lafloracio.cat\/wp-content\/uploads\/2020\/02\/Logo_Ara_Lleida_verde-300x114.png\" alt=\"\" width=\"225\" height=\"75\" \/>[\/vc_column_text][vc_empty_space height=&#8221;120px&#8221;][vc_empty_space height=&#8221;46px&#8221;][vc_column_text]<\/p>\n<h4 style=\"text-align: left;\">AV\u00cdS LEGAL<\/h4>\n<p>[\/vc_column_text][vc_empty_space height=&#8221;46px&#8221;][vc_column_text]<\/p>\n<p style=\"text-align: left;\">El Patronat de Turisme de la Diputaci\u00f3 de Lleida ofereix aquesta web per facilitar als usuaris l&#8217;acc\u00e9s a la informaci\u00f3 de qu\u00e8 disposa. L&#8217;usuari podr\u00e0 lliurement -nom\u00e9s per al seu \u00fas personal- copiar en el seu ordinador les p\u00e0gines o pantalles a les quals pot accedir o obtenir-ne una c\u00f2pia impresa. No \u00e9s permesa la reproducci\u00f3, plagi o publicaci\u00f3 de la totalitat o part dels continguts sense l&#8217;autoritzaci\u00f3 expressa del seu titular. Qui, sense autoritzaci\u00f3, reprodueixi, plagi\u00ef o publiqui el contingut d&#8217;aquesta web, incorrer\u00e0 en un delicte penal.<\/p>\n<p>&nbsp;<\/p>\n<p style=\"text-align: left;\">El Patronat de Turisme de la Diputaci\u00f3 de Lleida no \u00e9s responsable de l&#8217;exactitud i l&#8217;actualitzaci\u00f3 de la informaci\u00f3 que provingui d&#8217;altres persones f\u00edsiques o jur\u00eddiques, que consti a la p\u00e0gina web o a la qual es remeti. El Patronat de Turisme de la Diputaci\u00f3 de Lleida es reserva la facultat d&#8217;efectuar canvis i modificacions de la informaci\u00f3 de la web en qualsevol moment.<\/p>\n<p>&nbsp;<\/p>\n<p style=\"text-align: left;\">Dip\u00f2sit Legal:<strong> LL-234-2001<\/strong><\/p>\n<p>[\/vc_column_text][vc_empty_space height=&#8221;120px&#8221;][\/vc_column][\/vc_row]<\/p>\n<\/section>","protected":false},"excerpt":{"rendered":"<p>[vc_row css_animation=&#8221;&#8221; row_type=&#8221;row&#8221; use_row_as_full_screen_section=&#8221;no&#8221; type=&#8221;full_width&#8221; angled_section=&#8221;no&#8221; text_align=&#8221;center&#8221; background_image_as_pattern=&#8221;without_pattern&#8221; css=&#8221;.vc_custom_1468932802545{padding-top: 108px !important;padding-bottom: 140px !important;}&#8221;][vc_column width=&#8221;1\/6&#8243; offset=&#8221;vc_col-lg-offset-2 vc_col-lg-8 vc_col-md-offset-1 vc_col-md-10&#8243;][vc_empty_space height=&#8221;120px&#8221;][vc_column_text][\/vc_column_text][vc_empty_space height=&#8221;120px&#8221;][vc_empty_space height=&#8221;46px&#8221;][vc_column_text] AV\u00cdS LEGAL [\/vc_column_text][vc_empty_space height=&#8221;46px&#8221;][vc_column_text] El Patronat de Turisme de la Diputaci\u00f3 de Lleida ofereix aquesta web per facilitar als usuaris l&#8217;acc\u00e9s a la informaci\u00f3&#8230;<\/p>\n","protected":false},"author":1,"featured_media":0,"parent":0,"menu_order":0,"comment_status":"closed","ping_status":"closed","template":"","meta":{"_monsterinsights_skip_tracking":false,"_monsterinsights_sitenote_active":false,"_monsterinsights_sitenote_note":"","_monsterinsights_sitenote_category":0,"footnotes":""},"class_list":["post-2866","page","type-page","status-publish","hentry"],"_links":{"self":[{"href":"https:\/\/lafloracio.cat\/en\/wp-json\/wp\/v2\/pages\/2866","targetHints":{"allow":["GET"]}}],"collection":[{"href":"https:\/\/lafloracio.cat\/en\/wp-json\/wp\/v2\/pages"}],"about":[{"href":"https:\/\/lafloracio.cat\/en\/wp-json\/wp\/v2\/types\/page"}],"author":[{"embeddable":true,"href":"https:\/\/lafloracio.cat\/en\/wp-json\/wp\/v2\/users\/1"}],"replies":[{"embeddable":true,"href":"https:\/\/lafloracio.cat\/en\/wp-json\/wp\/v2\/comments?post=2866"}],"version-history":[{"count":0,"href":"https:\/\/lafloracio.cat\/en\/wp-json\/wp\/v2\/pages\/2866\/revisions"}],"wp:attachment":[{"href":"https:\/\/lafloracio.cat\/en\/wp-json\/wp\/v2\/media?parent=2866"}],"curies":[{"name":"wp","href":"https:\/\/api.w.org\/{rel}","templated":true}]}}