{"id":2852,"date":"2020-03-02T09:25:24","date_gmt":"2020-03-02T08:25:24","guid":{"rendered":"https:\/\/lafloracio.cat\/cookie-policy\/"},"modified":"2020-03-02T09:25:24","modified_gmt":"2020-03-02T08:25:24","slug":"cookie-policy","status":"publish","type":"page","link":"https:\/\/lafloracio.cat\/en\/cookie-policy\/","title":{"rendered":"Pol\u00edtica de cookies"},"content":{"rendered":"<div class=\"mes_estret\">\n<h1>Pol\u00edtica de cookies<\/h1>\n<p>\u00a0<\/p>\n<p>Aquesta Pol\u00edtica de Cookies \u00e9s d\u2019aplicaci\u00f3 a la navegaci\u00f3 pel lloc web www.lafloracio.cat, propietat del PATRONAT DE TURISME DE LLEIDA, amb domicili a Rambla de Ferran, 18, 25007 Lleida i adre\u00e7a de correu electr\u00f2nic info@aralleida.cat.<\/p>\n<p>\u00a0<\/p>\n<p><strong>Qu\u00e8 \u00e9s una cookie?<\/strong><br \/>Una cookie \u00e9s un arxiu que cont\u00e9 petites quantitats d\u2019informaci\u00f3, i que es descarrega en el seu equip (ordinador o dispositiu m\u00f2bil) quan visita la nostra Web. Entre d\u2019altres finalitats, les cookies poden recollir i emmagatzemar informaci\u00f3 sobre els seus h\u00e0bits de navegaci\u00f3 i, en aquest sentit, facilitar la seva navegaci\u00f3 per la web.<br \/>Les cookies poden ser pr\u00f2pies (gestionades exclusivament per PATRONAT DE TURISME DE LLEIDA) o de tercers (establertes per un domini diferent del nostre Web).<\/p>\n<p>\u00a0<\/p>\n<p><strong>Tipus de cookies segons la seva finalitat<\/strong><br \/>Les cookies poden ser pr\u00f2pies o de tercers, i poden tenir les seg\u00fcents finalitats:<br \/>\u00b7 Cookies t\u00e8cniques: Permeten la correcta navegaci\u00f3 per la Web.<br \/>\u00b7 Cookies de personalitzaci\u00f3: Permeten a l\u2019usuari accedir a la Web amb algunes.<br \/>caracter\u00edstiques generals predefinides com, per exemple, l\u2019idioma o el tipus de navegador.<br \/>\u00b7 Cookies d\u2019an\u00e0lisi: Permeten el seguiment i an\u00e0lisis del comportament dels usuaris de la Web.<br \/>\u00b7 Cookies de publicitat: Permeten la gesti\u00f3 d\u2019espais publicitaris.<br \/>\u00b7 Cookies de publicitat comportamental: Emmagatzemen informaci\u00f3 del comportament dels usuaris obtinguda a trav\u00e9s dels h\u00e0bits de navegaci\u00f3, i desenvolupen un perfil espec\u00edfic per mostrar publicitat en funci\u00f3 del mateix.<br \/>\u00b7 Cookies de xarxes socials externes: S\u2019utilitzen perqu\u00e8 els visitants puguin interactuar amb el contingut de diferents plataformes socials (Facebook, YouTube, etc).<\/p>\n<p>\u00a0<\/p>\n<p><strong>Quin tipus de cookies fa servir la nostra Web?<\/strong><br \/>Actualment, la Web de lafloracio.cat utilitza les seg\u00fcents cookies:<\/p>\n<p>\u00a0<\/p>\n<p><strong>COOKIES PR\u00d2PIES<\/strong><br \/>\u00b7 Cookies de personalitzaci\u00f3 de l\u2019idioma, que permeten establir i mantenir l\u2019idioma escollit<br \/>per l\u2019usuari quan visita la Web.<br \/>\u00b7 Cookies t\u00e8cniques, que permeten gestionar la correcta navegaci\u00f3 per la Web, identificant<br \/>la sessi\u00f3 de l\u2019usuari i protegir el seu \u00fas.<\/p>\n<p>\u00a0<\/p>\n<p><strong>COOKIES DE TERCERS<\/strong><br \/>\u00b7 Cookies de Google Analytics<br \/>La Web de lafloracio.cat utilitza Google Analytics, una eina de la web de Google que permet obtenir informaci\u00f3 sobre com interactuen els usuaris del nostre Web. Aix\u00ed mateix, habilita cookies en el domini del lloc on es troba l\u2019usuari i les utilitza per recopilar informaci\u00f3 de forma an\u00f2nima i elaborar informes de tend\u00e8ncies sense identificar als usuaris. Aquesta informaci\u00f3 \u00e9s enviada a fora de la Uni\u00f3 Europea.<\/p>\n<p>Per m\u00e9s informaci\u00f3 sobre les cookies de Google Analytics pot consultar el seg\u00fcent enlla\u00e7:\u00a0<a href=\"https:\/\/developers.google.com\/analytics\/devguides\/collection\/analyticsjs\/cookie-usage?hl=es\" target=\"_blank\" rel=\"noopener noreferrer\">https:\/\/developers.google.com\/analytics\/devguides\/collection\/analyticsjs\/cookie-usage?hl=es<\/a><br \/>\u00b7 Cookies de Google Plus<br \/>La Web utilitza Google Plus, una eina de la web de Google que proporciona botons i altres funcionalitats que permeten compartir enlla\u00e7os a la Web. Aquesta informaci\u00f3 \u00e9s enviada a fora de la Uni\u00f3 Europea. Per m\u00e9s informaci\u00f3 sobre les cookies de Google Plus pot consultar el seg\u00fcent enlla\u00e7:\u00a0<a href=\"https:\/\/policies.google.com\/privacy?hl=es\" target=\"_blank\" rel=\"noopener noreferrer\">https:\/\/policies.google.com\/privacy?hl=es<\/a><br \/>\u00b7 Cookies de Facebook<br \/>Facebook proporciona botons i altres funcionalitats per compartir enlla\u00e7os al nostre Web al perfil de l\u2019usuari. Aquesta informaci\u00f3 \u00e9s enviada a fora de la Uni\u00f3 Europea. Per m\u00e9s informaci\u00f3 sobre les Cookies de Facebook pot consultar el seg\u00fcent enlla\u00e7:<a href=\"https:\/\/www.facebook.com\/policies\/cookies\/\" target=\"_blank\" rel=\"noopener noreferrer\">\u00a0https:\/\/www.facebook.com\/policies\/cookies\/<\/a><br \/>\u00b7 Cookies de Twitter<br \/>Twitter proporciona botons i altres funcionalitats per compartir enlla\u00e7os al nostre Web al perfil de l\u2019usuari. Aquesta informaci\u00f3 \u00e9s enviada a fora de la Uni\u00f3 Europea. Per m\u00e9s informaci\u00f3 sobre les Cookies de Twitter pot consultar el seg\u00fcent enlla\u00e7:\u00a0<a href=\"https:\/\/help.twitter.com\/es\/rules-and-policies\/twittercookies\" target=\"_blank\" rel=\"noopener noreferrer\">https:\/\/help.twitter.com\/es\/rules-and-policies\/twittercookies<\/a><br \/>\u00b7 Cookies de Linkedin<br \/>Linkedin proporciona botons i altres funcionalitats per compartir enlla\u00e7os al nostre Web al perfil de l\u2019usuari. Aquesta informaci\u00f3 \u00e9s enviada a fora de la Uni\u00f3 Europea. Per m\u00e9s informaci\u00f3 sobre les Cookies de Linkedin pot consultar el seg\u00fcent enlla\u00e7:\u00a0<a href=\"https:\/\/www.linkedin.com\/legal\/cookie-policy\" target=\"_blank\" rel=\"noopener noreferrer\">https:\/\/www.linkedin.com\/legal\/cookie-policy<\/a><br \/>\u00b7 Cookies de Pinterest<br \/>Pinterest proporciona botons i altres funcionalitats per compartir enlla\u00e7os al nostre Web al perfil de l\u2019usuari. Aquesta informaci\u00f3 \u00e9s enviada a fora de la Uni\u00f3 Europea. Per m\u00e9s informaci\u00f3 sobre les Cookies de Pinterest pot consultar el seg\u00fcent enlla\u00e7:<a href=\"https:\/\/policy.pinterest.com\/es\/cookies\" target=\"_blank\" rel=\"noopener noreferrer\">\u00a0https:\/\/policy.pinterest.com\/es\/cookies<\/a><\/p>\n<p>Si en un futur utilitzem altres tipus de cookies amb el prop\u00f2sit d\u2019atorgar m\u00e9s i millors serveis, s\u2019informar\u00e0 degudament a l\u2019usuari.<\/p>\n<p>\u00a0<\/p>\n<p><strong>Consentiment i configuraci\u00f3<\/strong><br \/>Clicant el bot\u00f3 \u201cACCEPTAR\u201d vost\u00e8 dona el seu consentiment a l\u2019\u00fas de les cookies abans esmentades.<\/p>\n<p>Aquestes cookies no s\u00f3n necess\u00e0ries per a l\u2019\u00fas del nostre web i, per tant, les pot bloquejar o deshabilitar a trav\u00e9s de la configuraci\u00f3 del seu navegador. A continuaci\u00f3 li facilitem els enlla\u00e7os de diferents navegadors a traves dels quals podr\u00e0 realitzar aquesta configuraci\u00f3:<\/p>\n<p>Firefox:\u00a0<a href=\"https:\/\/support.mozilla.org\/es\/kb\/habilitar-y-deshabilitar-cookies-sitios-web-rastrear-preferencias\" target=\"_blank\" rel=\"noopener noreferrer\">https:\/\/support.mozilla.org\/es\/kb\/habilitar-y-deshabilitar-cookies-sitios-web-rastrear-preferencias<\/a><br \/>Chrome:<a href=\"https:\/\/support.google.com\/chrome\/answer\/95647?co=GENIE.Platform%3DDesktop&amp;hl=es\" target=\"_blank\" rel=\"noopener noreferrer\">https:\/\/support.google.com\/chrome\/answer\/95647?co=GENIE.Platform%3DDesktop&amp;amp;hl=es<\/a><br \/>Explorer:\u00a0<a href=\"https:\/\/support.microsoft.com\/es-es\/help\/17442\/windows-internet-explorer-delete-manage-cookies\" target=\"_blank\" rel=\"noopener noreferrer\">https:\/\/support.microsoft.com\/es-es\/help\/17442\/windows-internet-explorer-delete-manage-cookies<\/a><br \/>Safari:\u00a0<a href=\"https:\/\/support.apple.com\/es-es\/guide\/safari\/sfri11471\/mac\" target=\"_blank\" rel=\"noopener noreferrer\">https:\/\/support.apple.com\/es-es\/guide\/safari\/sfri11471\/mac<\/a><br \/>Opera:\u00a0<a href=\"https:\/\/help.opera.com\/en\/latest\/web-preferences\/#cookies\" target=\"_blank\" rel=\"noopener noreferrer\">https:\/\/help.opera.com\/en\/latest\/web-preferences\/#cookies<\/a><\/p>\n<\/div>\n\n\n<p><\/p>\n","protected":false},"excerpt":{"rendered":"<p>Pol\u00edtica de cookies \u00a0 Aquesta Pol\u00edtica de Cookies \u00e9s d\u2019aplicaci\u00f3 a la navegaci\u00f3 pel lloc web www.lafloracio.cat, propietat del PATRONAT DE TURISME DE LLEIDA, amb domicili a Rambla de Ferran, 18, 25007 Lleida i adre\u00e7a de correu electr\u00f2nic info@aralleida.cat. \u00a0 Qu\u00e8 \u00e9s una cookie?Una cookie&#8230;<\/p>\n","protected":false},"author":1,"featured_media":0,"parent":0,"menu_order":0,"comment_status":"closed","ping_status":"closed","template":"","meta":{"_monsterinsights_skip_tracking":false,"_monsterinsights_sitenote_active":false,"_monsterinsights_sitenote_note":"","_monsterinsights_sitenote_category":0,"footnotes":""},"class_list":["post-2852","page","type-page","status-publish","hentry"],"_links":{"self":[{"href":"https:\/\/lafloracio.cat\/en\/wp-json\/wp\/v2\/pages\/2852","targetHints":{"allow":["GET"]}}],"collection":[{"href":"https:\/\/lafloracio.cat\/en\/wp-json\/wp\/v2\/pages"}],"about":[{"href":"https:\/\/lafloracio.cat\/en\/wp-json\/wp\/v2\/types\/page"}],"author":[{"embeddable":true,"href":"https:\/\/lafloracio.cat\/en\/wp-json\/wp\/v2\/users\/1"}],"replies":[{"embeddable":true,"href":"https:\/\/lafloracio.cat\/en\/wp-json\/wp\/v2\/comments?post=2852"}],"version-history":[{"count":0,"href":"https:\/\/lafloracio.cat\/en\/wp-json\/wp\/v2\/pages\/2852\/revisions"}],"wp:attachment":[{"href":"https:\/\/lafloracio.cat\/en\/wp-json\/wp\/v2\/media?parent=2852"}],"curies":[{"name":"wp","href":"https:\/\/api.w.org\/{rel}","templated":true}]}}