{"id":2616,"date":"2024-02-21T19:58:51","date_gmt":"2024-02-21T18:58:51","guid":{"rendered":"https:\/\/lafloracio.cat\/home-2024\/"},"modified":"2024-02-21T19:58:51","modified_gmt":"2024-02-21T18:58:51","slug":"home-2024","status":"publish","type":"page","link":"https:\/\/lafloracio.cat\/en\/home-2024\/","title":{"rendered":"Home 2024"},"content":{"rendered":"<section class=\"wpb-content-wrapper\"><p>[vc_row css_animation=&#8221;&#8221; row_type=&#8221;row&#8221; use_row_as_full_screen_section=&#8221;no&#8221; type=&#8221;grid&#8221; angled_section=&#8221;no&#8221; text_align=&#8221;center&#8221; background_image_as_pattern=&#8221;without_pattern&#8221; css=&#8221;.vc_custom_1468921523203{padding-top: 118px !important;padding-bottom: 108px !important;}&#8221;][vc_column width=&#8221;1\/6&#8243;][\/vc_column][vc_column width=&#8221;2\/3&#8243;][vc_column_text]<\/p>\n<h1 style=\"text-align: center;\">La Floraci\u00f3 a les Terres de Lleida<\/h1>\n<p>[\/vc_column_text][vc_empty_space][vc_column_text]<\/p>\n<h3 style=\"text-align: center;\">En breu, tindr\u00e0s tota la informaci\u00f3 sobre<\/h3>\n<h3 style=\"text-align: center;\">La Floraci\u00f3 2024 a les Terres de Lleida.<\/h3>\n<p>[\/vc_column_text][\/vc_column][vc_column width=&#8221;1\/6&#8243;][\/vc_column][\/vc_row]<\/p>\n<\/section>","protected":false},"excerpt":{"rendered":"<p>[vc_row css_animation=&#8221;&#8221; row_type=&#8221;row&#8221; use_row_as_full_screen_section=&#8221;no&#8221; type=&#8221;grid&#8221; angled_section=&#8221;no&#8221; text_align=&#8221;center&#8221; background_image_as_pattern=&#8221;without_pattern&#8221; css=&#8221;.vc_custom_1468921523203{padding-top: 118px !important;padding-bottom: 108px !important;}&#8221;][vc_column width=&#8221;1\/6&#8243;][\/vc_column][vc_column width=&#8221;2\/3&#8243;][vc_column_text] La Floraci\u00f3 a les Terres de Lleida [\/vc_column_text][vc_empty_space][vc_column_text] En breu, tindr\u00e0s tota la informaci\u00f3 sobre La Floraci\u00f3 2024 a les Terres de Lleida. [\/vc_column_text][\/vc_column][vc_column width=&#8221;1\/6&#8243;][\/vc_column][\/vc_row]<\/p>\n","protected":false},"author":3,"featured_media":0,"parent":0,"menu_order":0,"comment_status":"closed","ping_status":"closed","template":"full_width.php","meta":{"_monsterinsights_skip_tracking":false,"_monsterinsights_sitenote_active":false,"_monsterinsights_sitenote_note":"","_monsterinsights_sitenote_category":0,"footnotes":""},"class_list":["post-2616","page","type-page","status-publish","hentry"],"_links":{"self":[{"href":"https:\/\/lafloracio.cat\/en\/wp-json\/wp\/v2\/pages\/2616","targetHints":{"allow":["GET"]}}],"collection":[{"href":"https:\/\/lafloracio.cat\/en\/wp-json\/wp\/v2\/pages"}],"about":[{"href":"https:\/\/lafloracio.cat\/en\/wp-json\/wp\/v2\/types\/page"}],"author":[{"embeddable":true,"href":"https:\/\/lafloracio.cat\/en\/wp-json\/wp\/v2\/users\/3"}],"replies":[{"embeddable":true,"href":"https:\/\/lafloracio.cat\/en\/wp-json\/wp\/v2\/comments?post=2616"}],"version-history":[{"count":0,"href":"https:\/\/lafloracio.cat\/en\/wp-json\/wp\/v2\/pages\/2616\/revisions"}],"wp:attachment":[{"href":"https:\/\/lafloracio.cat\/en\/wp-json\/wp\/v2\/media?parent=2616"}],"curies":[{"name":"wp","href":"https:\/\/api.w.org\/{rel}","templated":true}]}}